{"id":18546,"date":"2024-01-29T14:19:33","date_gmt":"2024-01-29T13:19:33","guid":{"rendered":"https:\/\/jobsafetest.azurewebsites.net\/?page_id=18546"},"modified":"2026-02-11T16:22:19","modified_gmt":"2026-02-11T15:22:19","slug":"registrering-till-id06","status":"publish","type":"page","link":"https:\/\/jobsafetest.azurewebsites.net\/sv\/registrering-till-id06\/","title":{"rendered":"Registrering till ID06"},"content":{"rendered":"\t\t<div data-elementor-type=\"wp-page\" data-elementor-id=\"18546\" class=\"elementor elementor-18546\" data-elementor-post-type=\"page\">\n\t\t\t\t<div class=\"elementor-element elementor-element-6c2b1c03 e-flex e-con-boxed e-con e-parent\" data-id=\"6c2b1c03\" data-element_type=\"container\" data-e-type=\"container\">\n\t\t\t\t\t<div class=\"e-con-inner\">\n\t\t<div class=\"elementor-element elementor-element-2c7af76c e-con-full e-flex e-con e-child\" data-id=\"2c7af76c\" data-element_type=\"container\" data-e-type=\"container\" data-settings=\"{&quot;background_background&quot;:&quot;classic&quot;}\">\n\t\t\t\t<div class=\"elementor-element elementor-element-61eef124 elementor-widget elementor-widget-heading\" data-id=\"61eef124\" data-element_type=\"widget\" data-e-type=\"widget\" data-widget_type=\"heading.default\">\n\t\t\t\t<div class=\"elementor-widget-container\">\n\t\t\t\t\t<h2 class=\"elementor-heading-title elementor-size-default\">Registrering till ID06<\/h2>\t\t\t\t<\/div>\n\t\t\t\t<\/div>\n\t\t\t\t<div class=\"elementor-element elementor-element-4285e1c2 elementor-widget elementor-widget-text-editor\" data-id=\"4285e1c2\" data-element_type=\"widget\" data-e-type=\"widget\" data-widget_type=\"text-editor.default\">\n\t\t\t\t<div class=\"elementor-widget-container\">\n\t\t\t\t\t\t\t\t\t<p>Registrering till ID06 sker automatiskt efter att du har genomf\u00f6rt din utbildning hos oss.<\/p>\t\t\t\t\t\t\t\t<\/div>\n\t\t\t\t<\/div>\n\t\t\t\t<\/div>\n\t\t\t\t\t<\/div>\n\t\t\t\t<\/div>\n\t\t<div class=\"elementor-element elementor-element-0482029 e-flex e-con-boxed e-con e-parent\" data-id=\"0482029\" data-element_type=\"container\" data-e-type=\"container\" data-settings=\"{&quot;background_background&quot;:&quot;classic&quot;}\">\n\t\t\t\t\t<div class=\"e-con-inner\">\n\t\t<div class=\"elementor-element elementor-element-3223722 e-con-full e-flex e-con e-child\" data-id=\"3223722\" data-element_type=\"container\" data-e-type=\"container\">\n\t\t<div class=\"elementor-element elementor-element-5fc450d e-con-full e-flex e-con e-child\" data-id=\"5fc450d\" data-element_type=\"container\" data-e-type=\"container\">\n\t\t\t\t<div class=\"elementor-element elementor-element-02fbf6d elementor-widget elementor-widget-text-editor\" data-id=\"02fbf6d\" data-element_type=\"widget\" data-e-type=\"widget\" data-widget_type=\"text-editor.default\">\n\t\t\t\t<div class=\"elementor-widget-container\">\n\t\t\t\t\t\t\t\t\t<p><span style=\"color: var( --e-global-color-text ); font-family: var( --e-global-typography-8b64be9-font-family ), Sans-serif; font-size: var( --e-global-typography-8b64be9-font-size ); font-weight: var( --e-global-typography-8b64be9-font-weight ); letter-spacing: var( --e-global-typography-8b64be9-letter-spacing ); word-spacing: var( --e-global-typography-8b64be9-word-spacing ); text-align: var(--text-align); background-color: var( --e-global-color-secondary );\">F\u00f6r att kunna registrera din utbildning till ID06 m\u00e5ste den vara slutf\u00f6rd med ett godk\u00e4nt resultat. Endast utbildningar som har genomf\u00f6rts hos Jobsafe kan registreras.<\/span><\/p><p>Fr\u00e5n och med den 30 september 2025 kr\u00e4ver ID06 Kompetensdatabas inte l\u00e4ngre att individer l\u00e4mnar sitt samtycke f\u00f6r att f\u00e5 sina kompetenser registrerade efter genomf\u00f6rd utbildning.<\/p>\t\t\t\t\t\t\t\t<\/div>\n\t\t\t\t<\/div>\n\t\t\t\t<\/div>\n\t\t<div class=\"elementor-element elementor-element-f612cb5 e-con-full elementor-hidden-tablet elementor-hidden-mobile_extra elementor-hidden-mobile e-flex e-con e-child\" data-id=\"f612cb5\" data-element_type=\"container\" data-e-type=\"container\" data-settings=\"{&quot;background_background&quot;:&quot;classic&quot;}\">\n\t\t\t\t<\/div>\n\t\t\t\t<\/div>\n\t\t\t\t\t<\/div>\n\t\t\t\t<\/div>\n\t\t<div class=\"elementor-element elementor-element-fd738cd e-flex e-con-boxed e-con e-parent\" data-id=\"fd738cd\" data-element_type=\"container\" data-e-type=\"container\" data-settings=\"{&quot;background_background&quot;:&quot;classic&quot;}\">\n\t\t\t\t\t<div class=\"e-con-inner\">\n\t\t<div class=\"elementor-element elementor-element-36ebb4a e-con-full e-flex e-con e-child\" data-id=\"36ebb4a\" data-element_type=\"container\" data-e-type=\"container\" data-settings=\"{&quot;background_background&quot;:&quot;classic&quot;}\">\n\t\t\t\t<div class=\"elementor-element elementor-element-c4e1881 elementor-widget elementor-widget-heading\" data-id=\"c4e1881\" data-element_type=\"widget\" data-e-type=\"widget\" data-widget_type=\"heading.default\">\n\t\t\t\t<div class=\"elementor-widget-container\">\n\t\t\t\t\t<h3 class=\"elementor-heading-title elementor-size-default\">S\u00e5 fungerar det<\/h3>\t\t\t\t<\/div>\n\t\t\t\t<\/div>\n\t\t<div class=\"elementor-element elementor-element-c0793a6 e-con-full e-flex e-con e-child\" data-id=\"c0793a6\" data-element_type=\"container\" data-e-type=\"container\" data-settings=\"{&quot;background_background&quot;:&quot;classic&quot;}\">\n\t\t<div class=\"elementor-element elementor-element-4a703c9 e-con-full e-flex e-con e-child\" data-id=\"4a703c9\" data-element_type=\"container\" data-e-type=\"container\">\n\t\t\t\t<div class=\"elementor-element elementor-element-2855791 elementor-widget__width-initial elementor-widget elementor-widget-uael-infobox\" data-id=\"2855791\" data-element_type=\"widget\" data-e-type=\"widget\" data-widget_type=\"uael-infobox.default\">\n\t\t\t\t<div class=\"elementor-widget-container\">\n\t\t\t\t\t\n<div class=\"uael-module-content uael-infobox uael-imgicon-style-normal  uael-infobox-center  infobox-has-icon uael-infobox-icon-above-title  uael-infobox-link-type-link\">\n\t<div class=\"uael-infobox-left-right-wrap\">\n\t\t\t\t\t\t<div class=\"uael-infobox-content\">\n\t\t\t\t\t\t\t<div class=\"uael-module-content uael-imgicon-wrap \">\t\t\t\t\t\t\t\t\t\t\t\n\t\t\t\t\t\t\t\t\t\t\t\t\t\t<\/div>\n\t\t\t\t\t\t\t<div class='uael-infobox-title-wrap'><h4 class=\"uael-infobox-title elementor-inline-editing\" data-elementor-setting-key=\"infobox_title\" data-elementor-inline-editing-toolbar=\"basic\" >1<\/h4><\/div>\t\t\t\t\t\t\t\t\t<div class=\"uael-infobox-text-wrap\">\n\t\t\t\t<div class=\"uael-infobox-text elementor-inline-editing\" data-elementor-setting-key=\"infobox_description\" data-elementor-inline-editing-toolbar=\"advanced\">\n\t\t\t\t\tVerifiera dig med mobilt BankID vid inlogg till Jobsafes portal.\t\t\t\t<\/div>\n\t\t\t\t\t\n\t\t\t\t\t\t\t<div class=\"uael-infobox-cta-link-style\">\n\t\t\t\t<a href=\"https:\/\/utbildning.jobsafe.se\/\" class=\"uael-infobox-cta-link \"> \t\t\t\t\t\t\t\t\t\t\t<span class=\"elementor-inline-editing\" data-elementor-setting-key=\"infobox_link_text\" data-elementor-inline-editing-toolbar=\"basic\">Verifiera<\/span>\n\t\t\t\t\t\t\t\t\t\t\t\t\t<span class=\"uael-infobox-link-icon uael-infobox-link-icon-after\">\n\t\t\t\t\t\t\t\t\t\t\t\t\t\t\t\t\t<\/span>\n\t\t\t\t\t\t\t\t\t\t\t\t\t\t\t\t\t\t\t\t\t\t<\/a>\n\t\t\t<\/div>\n\t\t\t\t\t\t<\/div>\n\t\t<\/div>\n\t\t\t<\/div>\n<\/div>\n\t\t\t\t<\/div>\n\t\t\t\t<\/div>\n\t\t\t\t<div class=\"elementor-element elementor-element-6fe6455 elementor-widget__width-initial elementor-widget elementor-widget-uael-infobox\" data-id=\"6fe6455\" data-element_type=\"widget\" data-e-type=\"widget\" data-widget_type=\"uael-infobox.default\">\n\t\t\t\t<div class=\"elementor-widget-container\">\n\t\t\t\t\t\n<div class=\"uael-module-content uael-infobox uael-imgicon-style-normal  uael-infobox-center  infobox-has-icon uael-infobox-icon-above-title  uael-infobox-link-type-none\">\n\t<div class=\"uael-infobox-left-right-wrap\">\n\t\t\t\t\t\t<div class=\"uael-infobox-content\">\n\t\t\t\t\t\t\t<div class=\"uael-module-content uael-imgicon-wrap \">\t\t\t\t\t\t\t\t\t\t\t\n\t\t\t\t\t\t\t\t\t\t\t\t\t\t<\/div>\n\t\t\t\t\t\t\t<div class='uael-infobox-title-wrap'><h4 class=\"uael-infobox-title elementor-inline-editing\" data-elementor-setting-key=\"infobox_title\" data-elementor-inline-editing-toolbar=\"basic\" >2<\/h4><\/div>\t\t\t\t\t\t\t\t\t<div class=\"uael-infobox-text-wrap\">\n\t\t\t\t<div class=\"uael-infobox-text elementor-inline-editing\" data-elementor-setting-key=\"infobox_description\" data-elementor-inline-editing-toolbar=\"advanced\">\n\t\t\t\t\tGodk\u00e4nn villkoren i portalen.\t\t\t\t<\/div>\n\t\t\t\t\t\n\t\t\t\t\t\t\t<\/div>\n\t\t<\/div>\n\t\t\t<\/div>\n<\/div>\n\t\t\t\t<\/div>\n\t\t\t\t<\/div>\n\t\t\t\t<div class=\"elementor-element elementor-element-891a3d9 elementor-widget__width-initial elementor-widget elementor-widget-uael-infobox\" data-id=\"891a3d9\" data-element_type=\"widget\" data-e-type=\"widget\" data-widget_type=\"uael-infobox.default\">\n\t\t\t\t<div class=\"elementor-widget-container\">\n\t\t\t\t\t\n<div class=\"uael-module-content uael-infobox uael-imgicon-style-normal  uael-infobox-center  infobox-has-icon uael-infobox-icon-above-title  uael-infobox-link-type-none\">\n\t<div class=\"uael-infobox-left-right-wrap\">\n\t\t\t\t\t\t<div class=\"uael-infobox-content\">\n\t\t\t\t\t\t\t<div class=\"uael-module-content uael-imgicon-wrap \">\t\t\t\t\t\t\t\t\t\t\t\n\t\t\t\t\t\t\t\t\t\t\t\t\t\t<\/div>\n\t\t\t\t\t\t\t<div class='uael-infobox-title-wrap'><h4 class=\"uael-infobox-title elementor-inline-editing\" data-elementor-setting-key=\"infobox_title\" data-elementor-inline-editing-toolbar=\"basic\" >3<\/h4><\/div>\t\t\t\t\t\t\t\t\t<div class=\"uael-infobox-text-wrap\">\n\t\t\t\t<div class=\"uael-infobox-text elementor-inline-editing\" data-elementor-setting-key=\"infobox_description\" data-elementor-inline-editing-toolbar=\"advanced\">\n\t\t\t\t\tS\u00e4kerst\u00e4ll att utbildningen \u00e4r slutf\u00f6rd och godk\u00e4nd.\t\t\t\t<\/div>\n\t\t\t\t\t\n\t\t\t\t\t\t\t<\/div>\n\t\t<\/div>\n\t\t\t<\/div>\n<\/div>\n\t\t\t\t<\/div>\n\t\t\t\t<\/div>\n\t\t\t\t<\/div>\n\t\t\t\t<\/div>\n\t\t\t\t<\/div>\n\t\t\t\t\t<\/div>\n\t\t\t\t<\/div>\n\t\t<div class=\"elementor-element elementor-element-7d6da274 e-flex e-con-boxed e-con e-parent\" data-id=\"7d6da274\" data-element_type=\"container\" data-e-type=\"container\" data-settings=\"{&quot;background_background&quot;:&quot;classic&quot;}\">\n\t\t\t\t\t<div class=\"e-con-inner\">\n\t\t<div class=\"elementor-element elementor-element-1f9b3f1f e-con-full e-flex e-con e-child\" data-id=\"1f9b3f1f\" data-element_type=\"container\" data-e-type=\"container\">\n\t\t<div class=\"elementor-element elementor-element-4617294b e-con-full e-flex e-con e-child\" data-id=\"4617294b\" data-element_type=\"container\" data-e-type=\"container\">\n\t\t\t\t<div class=\"elementor-element elementor-element-6c675c9a elementor-widget elementor-widget-text-editor\" data-id=\"6c675c9a\" data-element_type=\"widget\" data-e-type=\"widget\" data-widget_type=\"text-editor.default\">\n\t\t\t\t<div class=\"elementor-widget-container\">\n\t\t\t\t\t\t\t\t\t<p>Om du inte kan verifiera dig via mobilt BankID, kontakta oss p\u00e5\u00a0<a href=\"mailto:support@jobsafetest.azurewebsites.net\">support@jobsafetest.azurewebsites.net<\/a>.<\/p><p>Om du inte \u00f6nskar dela kompetensen vidare till ID06 g\u00e5r du in under <strong>Mitt konto \u2013 Mina uppgifter<\/strong> och klickar p\u00e5 <strong>\u00c4ndra<\/strong>. Bocka d\u00e4r ur rutan f\u00f6r registrering. H\u00e4r finns det \u00e4ven en l\u00e4nk till ID06 kompetensdatabas.<\/p>\t\t\t\t\t\t\t\t<\/div>\n\t\t\t\t<\/div>\n\t\t\t\t<\/div>\n\t\t<div class=\"elementor-element elementor-element-10f1b26c e-con-full elementor-hidden-tablet elementor-hidden-mobile_extra elementor-hidden-mobile e-flex e-con e-child\" data-id=\"10f1b26c\" data-element_type=\"container\" data-e-type=\"container\" data-settings=\"{&quot;background_background&quot;:&quot;classic&quot;}\">\n\t\t\t\t<\/div>\n\t\t\t\t<\/div>\n\t\t\t\t\t<\/div>\n\t\t\t\t<\/div>\n\t\t<div class=\"elementor-element elementor-element-140824ad e-flex e-con-boxed e-con e-parent\" data-id=\"140824ad\" data-element_type=\"container\" data-e-type=\"container\" data-settings=\"{&quot;background_background&quot;:&quot;classic&quot;}\">\n\t\t\t\t\t<div class=\"e-con-inner\">\n\t\t<div class=\"elementor-element elementor-element-ffc4fc1 e-con-full e-flex e-con e-child\" data-id=\"ffc4fc1\" data-element_type=\"container\" data-e-type=\"container\">\n\t\t<div class=\"elementor-element elementor-element-7a485c92 e-con-full elementor-hidden-tablet elementor-hidden-mobile_extra elementor-hidden-mobile e-flex e-con e-child\" data-id=\"7a485c92\" data-element_type=\"container\" data-e-type=\"container\" data-settings=\"{&quot;background_background&quot;:&quot;classic&quot;}\">\n\t\t\t\t<\/div>\n\t\t<div class=\"elementor-element elementor-element-10db4e6c e-con-full e-flex e-con e-child\" data-id=\"10db4e6c\" data-element_type=\"container\" data-e-type=\"container\">\n\t\t\t\t<div class=\"elementor-element elementor-element-ea13b78 elementor-widget elementor-widget-text-editor\" data-id=\"ea13b78\" data-element_type=\"widget\" data-e-type=\"widget\" data-widget_type=\"text-editor.default\">\n\t\t\t\t<div class=\"elementor-widget-container\">\n\t\t\t\t\t\t\t\t\t<p>Dessa utbildningar registreras:<\/p><ul><li>Allm\u00e4n st\u00e4llningsutbildning<\/li><li>Arbete p\u00e5 v\u00e4g Steg 1 (1.1, 1.2, 1.3)<\/li><li>Arbete p\u00e5 v\u00e4g Steg 1.1<\/li><li>Arbete p\u00e5 v\u00e4g Steg 1.4<\/li><li>Asbest &#8211; Allm\u00e4n utbildning<\/li><li>Bakgavellyft<\/li><li>BAM &#8211; B\u00e4ttre arbetsmilj\u00f6<\/li><li>BAS P\/U 2025<\/li><li>BAS P\/U &#8211; Till\u00e4ggsutbildning nya lagkrav 2025<\/li><li>Buller<\/li><li>Fallskyddsutbildning<\/li><li>F\u00f6rdjupningskurs BAS-P<\/li><li>H\u00e4rdplast<\/li><li>Kvarts- stendamm i arbetsmilj\u00f6<\/li><li>Liftutbildning<\/li><li>Lift repetition<\/li><li>S\u00e4kra Lyft utbildning<\/li><li>Tillpassningstest av andningsskydd<\/li><li>Traversutbildning<\/li><li>Truckutbildning A1-A4 + B1<\/li><li>Vibrationer<\/li><\/ul><p>Den automatiska uppdateringen sker normalt sett en g\u00e5ng per arbetsdag. Om du inte fr\u00e5n b\u00f6rjan har gett centralt samtycke kommer systemet att i intervaller k\u00e4nna av om det har uppdaterats f\u00f6r att kunna skicka ut kompetensen p\u00e5 nytt.<\/p>\t\t\t\t\t\t\t\t<\/div>\n\t\t\t\t<\/div>\n\t\t\t\t<\/div>\n\t\t\t\t<\/div>\n\t\t\t\t\t<\/div>\n\t\t\t\t<\/div>\n\t\t\t\t<\/div>\n\t\t","protected":false},"excerpt":{"rendered":"<p>Registrering till ID06 Registrering till ID06 sker automatiskt efter att du har genomf\u00f6rt din utbildning hos oss. F\u00f6r att kunna registrera din utbildning till ID06 m\u00e5ste den vara slutf\u00f6rd med ett godk\u00e4nt resultat. Endast utbildningar som har genomf\u00f6rts hos Jobsafe kan registreras. Fr\u00e5n och med den 30 september 2025 kr\u00e4ver ID06 Kompetensdatabas inte l\u00e4ngre att [&hellip;]<\/p>\n","protected":false},"author":21,"featured_media":0,"parent":0,"menu_order":0,"comment_status":"closed","ping_status":"closed","template":"","meta":{"_acf_changed":false,"_uf_show_specific_survey":0,"_uf_disable_surveys":false,"footnotes":""},"class_list":["post-18546","page","type-page","status-publish","hentry"],"acf":[],"yoast_head":"<!-- This site is optimized with the Yoast SEO Premium plugin v22.2 (Yoast SEO v27.4) - https:\/\/yoast.com\/product\/yoast-seo-premium-wordpress\/ -->\n<title>Registrering till ID06 - Jobsafe<\/title>\n<meta name=\"description\" content=\"H\u00e4r kan du enkelt och kostnadsfritt l\u00e4gga till dina utbildningsbevis p\u00e5 ditt ID06-kort efter att du har genomf\u00f6rt din utbildning.\" \/>\n<meta name=\"robots\" content=\"index, follow, max-snippet:-1, max-image-preview:large, max-video-preview:-1\" \/>\n<link rel=\"canonical\" href=\"https:\/\/jobsafetest.azurewebsites.net\/sv\/registrering-till-id06\/\" \/>\n<meta property=\"og:locale\" content=\"sv_SE\" \/>\n<meta property=\"og:type\" content=\"article\" \/>\n<meta property=\"og:title\" content=\"Registrering till ID06\" \/>\n<meta property=\"og:description\" content=\"H\u00e4r kan du enkelt och kostnadsfritt l\u00e4gga till dina utbildningsbevis p\u00e5 ditt ID06-kort efter att du har genomf\u00f6rt din utbildning.\" \/>\n<meta property=\"og:url\" content=\"https:\/\/jobsafetest.azurewebsites.net\/sv\/registrering-till-id06\/\" \/>\n<meta property=\"og:site_name\" content=\"Jobsafe\" \/>\n<meta property=\"article:publisher\" content=\"https:\/\/www.facebook.com\/jobsafesverige\" \/>\n<meta property=\"article:modified_time\" content=\"2026-02-11T15:22:19+00:00\" \/>\n<meta name=\"twitter:card\" content=\"summary_large_image\" \/>\n<script type=\"application\/ld+json\" class=\"yoast-schema-graph\">{\"@context\":\"https:\\\/\\\/schema.org\",\"@graph\":[{\"@type\":\"WebPage\",\"@id\":\"https:\\\/\\\/jobsafetest.azurewebsites.net\\\/sv\\\/registrering-till-id06\\\/\",\"url\":\"https:\\\/\\\/jobsafetest.azurewebsites.net\\\/sv\\\/registrering-till-id06\\\/\",\"name\":\"Registrering till ID06 - Jobsafe\",\"isPartOf\":{\"@id\":\"https:\\\/\\\/jobsafetest.azurewebsites.net\\\/#website\"},\"datePublished\":\"2024-01-29T13:19:33+00:00\",\"dateModified\":\"2026-02-11T15:22:19+00:00\",\"description\":\"H\u00e4r kan du enkelt och kostnadsfritt l\u00e4gga till dina utbildningsbevis p\u00e5 ditt ID06-kort efter att du har genomf\u00f6rt din utbildning.\",\"breadcrumb\":{\"@id\":\"https:\\\/\\\/jobsafetest.azurewebsites.net\\\/sv\\\/registrering-till-id06\\\/#breadcrumb\"},\"inLanguage\":\"sv-SE\",\"potentialAction\":[{\"@type\":\"ReadAction\",\"target\":[\"https:\\\/\\\/jobsafetest.azurewebsites.net\\\/sv\\\/registrering-till-id06\\\/\"]}]},{\"@type\":\"BreadcrumbList\",\"@id\":\"https:\\\/\\\/jobsafetest.azurewebsites.net\\\/sv\\\/registrering-till-id06\\\/#breadcrumb\",\"itemListElement\":[{\"@type\":\"ListItem\",\"position\":1,\"name\":\"Hem\",\"item\":\"https:\\\/\\\/jobsafetest.azurewebsites.net\\\/sv\\\/\"},{\"@type\":\"ListItem\",\"position\":2,\"name\":\"Registrering till ID06\"}]},{\"@type\":\"WebSite\",\"@id\":\"https:\\\/\\\/jobsafetest.azurewebsites.net\\\/#website\",\"url\":\"https:\\\/\\\/jobsafetest.azurewebsites.net\\\/\",\"name\":\"Jobsafe\",\"description\":\"Utbildningar f\u00f6r en s\u00e4ker arbetsplats\",\"publisher\":{\"@id\":\"https:\\\/\\\/jobsafetest.azurewebsites.net\\\/#organization\"},\"potentialAction\":[{\"@type\":\"SearchAction\",\"target\":{\"@type\":\"EntryPoint\",\"urlTemplate\":\"https:\\\/\\\/jobsafetest.azurewebsites.net\\\/?s={search_term_string}\"},\"query-input\":{\"@type\":\"PropertyValueSpecification\",\"valueRequired\":true,\"valueName\":\"search_term_string\"}}],\"inLanguage\":\"sv-SE\"},{\"@type\":\"Organization\",\"@id\":\"https:\\\/\\\/jobsafetest.azurewebsites.net\\\/#organization\",\"name\":\"JobSafe EdTech AB\",\"url\":\"https:\\\/\\\/jobsafetest.azurewebsites.net\\\/\",\"logo\":{\"@type\":\"ImageObject\",\"inLanguage\":\"sv-SE\",\"@id\":\"https:\\\/\\\/jobsafetest.azurewebsites.net\\\/#\\\/schema\\\/logo\\\/image\\\/\",\"url\":\"\\\/wp-content\\\/uploads\\\/2024\\\/06\\\/jobsafe-by-infobric-logo-1.svg\",\"contentUrl\":\"\\\/wp-content\\\/uploads\\\/2024\\\/06\\\/jobsafe-by-infobric-logo-1.svg\",\"width\":111,\"height\":72,\"caption\":\"JobSafe EdTech AB\"},\"image\":{\"@id\":\"https:\\\/\\\/jobsafetest.azurewebsites.net\\\/#\\\/schema\\\/logo\\\/image\\\/\"},\"sameAs\":[\"https:\\\/\\\/www.facebook.com\\\/jobsafesverige\"]}]}<\/script>\n<!-- \/ Yoast SEO Premium plugin. -->","yoast_head_json":{"title":"Registrering till ID06 - Jobsafe","description":"H\u00e4r kan du enkelt och kostnadsfritt l\u00e4gga till dina utbildningsbevis p\u00e5 ditt ID06-kort efter att du har genomf\u00f6rt din utbildning.","robots":{"index":"index","follow":"follow","max-snippet":"max-snippet:-1","max-image-preview":"max-image-preview:large","max-video-preview":"max-video-preview:-1"},"canonical":"https:\/\/jobsafetest.azurewebsites.net\/sv\/registrering-till-id06\/","og_locale":"sv_SE","og_type":"article","og_title":"Registrering till ID06","og_description":"H\u00e4r kan du enkelt och kostnadsfritt l\u00e4gga till dina utbildningsbevis p\u00e5 ditt ID06-kort efter att du har genomf\u00f6rt din utbildning.","og_url":"https:\/\/jobsafetest.azurewebsites.net\/sv\/registrering-till-id06\/","og_site_name":"Jobsafe","article_publisher":"https:\/\/www.facebook.com\/jobsafesverige","article_modified_time":"2026-02-11T15:22:19+00:00","twitter_card":"summary_large_image","schema":{"@context":"https:\/\/schema.org","@graph":[{"@type":"WebPage","@id":"https:\/\/jobsafetest.azurewebsites.net\/sv\/registrering-till-id06\/","url":"https:\/\/jobsafetest.azurewebsites.net\/sv\/registrering-till-id06\/","name":"Registrering till ID06 - Jobsafe","isPartOf":{"@id":"https:\/\/jobsafetest.azurewebsites.net\/#website"},"datePublished":"2024-01-29T13:19:33+00:00","dateModified":"2026-02-11T15:22:19+00:00","description":"H\u00e4r kan du enkelt och kostnadsfritt l\u00e4gga till dina utbildningsbevis p\u00e5 ditt ID06-kort efter att du har genomf\u00f6rt din utbildning.","breadcrumb":{"@id":"https:\/\/jobsafetest.azurewebsites.net\/sv\/registrering-till-id06\/#breadcrumb"},"inLanguage":"sv-SE","potentialAction":[{"@type":"ReadAction","target":["https:\/\/jobsafetest.azurewebsites.net\/sv\/registrering-till-id06\/"]}]},{"@type":"BreadcrumbList","@id":"https:\/\/jobsafetest.azurewebsites.net\/sv\/registrering-till-id06\/#breadcrumb","itemListElement":[{"@type":"ListItem","position":1,"name":"Hem","item":"https:\/\/jobsafetest.azurewebsites.net\/sv\/"},{"@type":"ListItem","position":2,"name":"Registrering till ID06"}]},{"@type":"WebSite","@id":"https:\/\/jobsafetest.azurewebsites.net\/#website","url":"https:\/\/jobsafetest.azurewebsites.net\/","name":"Jobsafe","description":"Utbildningar f\u00f6r en s\u00e4ker arbetsplats","publisher":{"@id":"https:\/\/jobsafetest.azurewebsites.net\/#organization"},"potentialAction":[{"@type":"SearchAction","target":{"@type":"EntryPoint","urlTemplate":"https:\/\/jobsafetest.azurewebsites.net\/?s={search_term_string}"},"query-input":{"@type":"PropertyValueSpecification","valueRequired":true,"valueName":"search_term_string"}}],"inLanguage":"sv-SE"},{"@type":"Organization","@id":"https:\/\/jobsafetest.azurewebsites.net\/#organization","name":"JobSafe EdTech AB","url":"https:\/\/jobsafetest.azurewebsites.net\/","logo":{"@type":"ImageObject","inLanguage":"sv-SE","@id":"https:\/\/jobsafetest.azurewebsites.net\/#\/schema\/logo\/image\/","url":"\/wp-content\/uploads\/2024\/06\/jobsafe-by-infobric-logo-1.svg","contentUrl":"\/wp-content\/uploads\/2024\/06\/jobsafe-by-infobric-logo-1.svg","width":111,"height":72,"caption":"JobSafe EdTech AB"},"image":{"@id":"https:\/\/jobsafetest.azurewebsites.net\/#\/schema\/logo\/image\/"},"sameAs":["https:\/\/www.facebook.com\/jobsafesverige"]}]}},"_links":{"self":[{"href":"https:\/\/jobsafetest.azurewebsites.net\/sv\/wp-json\/wp\/v2\/pages\/18546","targetHints":{"allow":["GET"]}}],"collection":[{"href":"https:\/\/jobsafetest.azurewebsites.net\/sv\/wp-json\/wp\/v2\/pages"}],"about":[{"href":"https:\/\/jobsafetest.azurewebsites.net\/sv\/wp-json\/wp\/v2\/types\/page"}],"author":[{"embeddable":true,"href":"https:\/\/jobsafetest.azurewebsites.net\/sv\/wp-json\/wp\/v2\/users\/21"}],"replies":[{"embeddable":true,"href":"https:\/\/jobsafetest.azurewebsites.net\/sv\/wp-json\/wp\/v2\/comments?post=18546"}],"version-history":[{"count":76,"href":"https:\/\/jobsafetest.azurewebsites.net\/sv\/wp-json\/wp\/v2\/pages\/18546\/revisions"}],"predecessor-version":[{"id":36248,"href":"https:\/\/jobsafetest.azurewebsites.net\/sv\/wp-json\/wp\/v2\/pages\/18546\/revisions\/36248"}],"wp:attachment":[{"href":"https:\/\/jobsafetest.azurewebsites.net\/sv\/wp-json\/wp\/v2\/media?parent=18546"}],"curies":[{"name":"wp","href":"https:\/\/api.w.org\/{rel}","templated":true}]}}