{"id":22568,"date":"2024-05-21T09:55:39","date_gmt":"2024-05-21T07:55:39","guid":{"rendered":"https:\/\/jobsafetest.azurewebsites.net\/?page_id=22568"},"modified":"2025-11-05T15:57:29","modified_gmt":"2025-11-05T14:57:29","slug":"nyheter","status":"publish","type":"page","link":"https:\/\/jobsafetest.azurewebsites.net\/sv\/nyheter\/","title":{"rendered":"Nyheter"},"content":{"rendered":"\t\t<div data-elementor-type=\"wp-page\" data-elementor-id=\"22568\" class=\"elementor elementor-22568\" data-elementor-post-type=\"page\">\n\t\t\t\t<div class=\"elementor-element elementor-element-2d8428c e-flex e-con-boxed e-con e-parent\" data-id=\"2d8428c\" data-element_type=\"container\" data-e-type=\"container\" data-settings=\"{&quot;background_background&quot;:&quot;classic&quot;}\">\n\t\t\t\t\t<div class=\"e-con-inner\">\n\t\t\t\t<div class=\"elementor-element elementor-element-7283b42 elementor-widget elementor-widget-heading\" data-id=\"7283b42\" data-element_type=\"widget\" data-e-type=\"widget\" data-widget_type=\"heading.default\">\n\t\t\t\t<div class=\"elementor-widget-container\">\n\t\t\t\t\t<h1 class=\"elementor-heading-title elementor-size-default\">Nyheter<\/h1>\t\t\t\t<\/div>\n\t\t\t\t<\/div>\n\t\t\t\t<div class=\"elementor-element elementor-element-c5451d3 elementor-widget elementor-widget-text-editor\" data-id=\"c5451d3\" data-element_type=\"widget\" data-e-type=\"widget\" data-widget_type=\"text-editor.default\">\n\t\t\t\t<div class=\"elementor-widget-container\">\n\t\t\t\t\t\t\t\t\t<p>H\u00e4r kan du l\u00e4sa om de senaste nyheterna fr\u00e5n JobSafe.<\/p>\t\t\t\t\t\t\t\t<\/div>\n\t\t\t\t<\/div>\n\t\t\t\t\t<\/div>\n\t\t\t\t<\/div>\n\t\t<div class=\"elementor-element elementor-element-c7a6a2e e-con-full e-flex e-con e-parent\" data-id=\"c7a6a2e\" data-element_type=\"container\" data-e-type=\"container\" data-settings=\"{&quot;background_background&quot;:&quot;classic&quot;}\">\n\t\t\t\t<div class=\"elementor-element elementor-element-9301aef elementor-align-justify elementor-widget__width-inherit elementor-widget elementor-widget-global elementor-global-32541 elementor-widget-button\" data-id=\"9301aef\" data-element_type=\"widget\" data-e-type=\"widget\" data-widget_type=\"button.default\">\n\t\t\t\t<div class=\"elementor-widget-container\">\n\t\t\t\t\t\t\t\t\t<div class=\"elementor-button-wrapper\">\n\t\t\t\t\t<a class=\"elementor-button elementor-button-link elementor-size-sm\" href=\"https:\/\/jobsafetest.azurewebsites.net\/sv\/kampanj\/\">\n\t\t\t\t\t\t<span class=\"elementor-button-content-wrapper\">\n\t\t\t\t\t\t\t\t\t<span class=\"elementor-button-text\">Just nu spara 30% p\u00e5 alla onlineutbildningar!<\/span>\n\t\t\t\t\t<\/span>\n\t\t\t\t\t<\/a>\n\t\t\t\t<\/div>\n\t\t\t\t\t\t\t\t<\/div>\n\t\t\t\t<\/div>\n\t\t\t\t<\/div>\n\t\t<div class=\"elementor-element elementor-element-597b89c e-flex e-con-boxed e-con e-parent\" data-id=\"597b89c\" data-element_type=\"container\" data-e-type=\"container\" data-settings=\"{&quot;background_background&quot;:&quot;classic&quot;}\">\n\t\t\t\t\t<div class=\"e-con-inner\">\n\t\t\t\t<div class=\"elementor-element elementor-element-f972aa0 elementor-posts__hover-none elementor-grid-widescreen-3 elementor-grid-laptop-3 elementor-grid-tablet_extra-2 elementor-grid-mobile_extra-1 elementor-grid-3 elementor-grid-tablet-2 elementor-grid-mobile-1 elementor-posts--thumbnail-top elementor-widget elementor-widget-posts\" data-id=\"f972aa0\" data-element_type=\"widget\" data-e-type=\"widget\" data-settings=\"{&quot;cards_row_gap&quot;:{&quot;unit&quot;:&quot;px&quot;,&quot;size&quot;:24,&quot;sizes&quot;:[]},&quot;cards_columns_widescreen&quot;:&quot;3&quot;,&quot;cards_columns_laptop&quot;:&quot;3&quot;,&quot;cards_columns_tablet_extra&quot;:&quot;2&quot;,&quot;cards_columns_mobile_extra&quot;:&quot;1&quot;,&quot;cards_columns&quot;:&quot;3&quot;,&quot;cards_columns_tablet&quot;:&quot;2&quot;,&quot;cards_columns_mobile&quot;:&quot;1&quot;,&quot;cards_row_gap_widescreen&quot;:{&quot;unit&quot;:&quot;px&quot;,&quot;size&quot;:&quot;&quot;,&quot;sizes&quot;:[]},&quot;cards_row_gap_laptop&quot;:{&quot;unit&quot;:&quot;px&quot;,&quot;size&quot;:&quot;&quot;,&quot;sizes&quot;:[]},&quot;cards_row_gap_tablet_extra&quot;:{&quot;unit&quot;:&quot;px&quot;,&quot;size&quot;:&quot;&quot;,&quot;sizes&quot;:[]},&quot;cards_row_gap_tablet&quot;:{&quot;unit&quot;:&quot;px&quot;,&quot;size&quot;:&quot;&quot;,&quot;sizes&quot;:[]},&quot;cards_row_gap_mobile_extra&quot;:{&quot;unit&quot;:&quot;px&quot;,&quot;size&quot;:&quot;&quot;,&quot;sizes&quot;:[]},&quot;cards_row_gap_mobile&quot;:{&quot;unit&quot;:&quot;px&quot;,&quot;size&quot;:&quot;&quot;,&quot;sizes&quot;:[]}}\" data-widget_type=\"posts.cards\">\n\t\t\t\t<div class=\"elementor-widget-container\">\n\t\t\t\t\t\t\t<div class=\"elementor-posts-container elementor-posts elementor-posts--skin-cards elementor-grid\" role=\"list\">\n\t\t\t\t<article class=\"elementor-post elementor-grid-item post-23761 post type-post status-publish format-standard has-post-thumbnail hentry category-okategoriserade\" role=\"listitem\">\n\t\t\t<div class=\"elementor-post__card\">\n\t\t\t\t<a class=\"elementor-post__thumbnail__link\" href=\"https:\/\/jobsafetest.azurewebsites.net\/sv\/vilka-ar-kraven-for-att-fa-ett-arbetsmiljoansvar\/\" tabindex=\"-1\" ><div class=\"elementor-post__thumbnail\"><img fetchpriority=\"high\" decoding=\"async\" width=\"300\" height=\"200\" src=\"\/wp-content\/uploads\/2021\/03\/INFOBRIC_B2A2497-WEBB-300x200.jpg\" class=\"attachment-medium size-medium wp-image-21516\" alt=\"Kvinna p\u00e5 arbetsplats med maskiner i bakgrunxden\" srcset=\"\/wp-content\/uploads\/2021\/03\/INFOBRIC_B2A2497-WEBB-300x200.jpg 300w, \/wp-content\/uploads\/2021\/03\/INFOBRIC_B2A2497-WEBB-1024x683.jpg 1024w, \/wp-content\/uploads\/2021\/03\/INFOBRIC_B2A2497-WEBB-768x512.jpg 768w, \/wp-content\/uploads\/2021\/03\/INFOBRIC_B2A2497-WEBB-1536x1024.jpg 1536w, \/wp-content\/uploads\/2021\/03\/INFOBRIC_B2A2497-WEBB-2048x1366.jpg 2048w, \/wp-content\/uploads\/2021\/03\/INFOBRIC_B2A2497-WEBB-18x12.jpg 18w, \/wp-content\/uploads\/2021\/03\/INFOBRIC_B2A2497-WEBB-600x400.jpg 600w, \/wp-content\/uploads\/2021\/03\/INFOBRIC_B2A2497-WEBB-500x333.jpg 500w\" sizes=\"(max-width: 300px) 100vw, 300px\" \/><\/div><\/a>\n\t\t\t\t<div class=\"elementor-post__text\">\n\t\t\t\t<h3 class=\"elementor-post__title\">\n\t\t\t<a href=\"https:\/\/jobsafetest.azurewebsites.net\/sv\/vilka-ar-kraven-for-att-fa-ett-arbetsmiljoansvar\/\" >\n\t\t\t\tVilka \u00e4r kraven f\u00f6r att f\u00e5 ett arbetsmilj\u00f6ansvar inom bygg?\t\t\t<\/a>\n\t\t<\/h3>\n\t\t\t\t<div class=\"elementor-post__excerpt\">\n\t\t\t<p>En s\u00e4ker arbetsmilj\u00f6 \u00e4r alltid viktigt, i synnerhet inom byggbranschen som \u00e4r en v\u00e4ldigt utsatt bransch kopplat till arbetsplatsolyckor. Enligt en unders\u00f6kning gjord av Ramirent uppger 8 procent av byggarbetarna att de inte k\u00e4nner sig helt s\u00e4kra p\u00e5 arbetsplatsen, medan 22 procent m\u00e4rker av en slarvig s\u00e4kerhetskultur (Ramirentrapporten, 2024). Arbetsmilj\u00f6lagen<\/p>\n\t\t<\/div>\n\t\t\t\t\t<div class=\"elementor-post__read-more-wrapper\">\n\t\t\n\t\t<a class=\"elementor-post__read-more\" href=\"https:\/\/jobsafetest.azurewebsites.net\/sv\/vilka-ar-kraven-for-att-fa-ett-arbetsmiljoansvar\/\" aria-label=\"L\u00e4s mer om Vilka \u00e4r kraven f\u00f6r att f\u00e5 ett arbetsmilj\u00f6ansvar inom bygg?\" tabindex=\"-1\" >\n\t\t\tL\u00e4s mer\t\t<\/a>\n\n\t\t\t\t\t<\/div>\n\t\t\t\t<\/div>\n\t\t\t\t\t<\/div>\n\t\t<\/article>\n\t\t\t\t<article class=\"elementor-post elementor-grid-item post-23699 post type-post status-publish format-standard has-post-thumbnail hentry category-okategoriserade\" role=\"listitem\">\n\t\t\t<div class=\"elementor-post__card\">\n\t\t\t\t<a class=\"elementor-post__thumbnail__link\" href=\"https:\/\/jobsafetest.azurewebsites.net\/sv\/samtliga-utbildningar-uppdaterade-enligt-nya-lagkrav\/\" tabindex=\"-1\" ><div class=\"elementor-post__thumbnail\"><img decoding=\"async\" width=\"300\" height=\"225\" src=\"\/wp-content\/uploads\/2021\/04\/INFOBRIC_0449-1-300x225.jpg\" class=\"attachment-medium size-medium wp-image-21360\" alt=\"Vy \u00f6ver v\u00e4g\" srcset=\"\/wp-content\/uploads\/2021\/04\/INFOBRIC_0449-1-300x225.jpg 300w, \/wp-content\/uploads\/2021\/04\/INFOBRIC_0449-1-1024x768.jpg 1024w, \/wp-content\/uploads\/2021\/04\/INFOBRIC_0449-1-768x576.jpg 768w, \/wp-content\/uploads\/2021\/04\/INFOBRIC_0449-1-1536x1152.jpg 1536w, \/wp-content\/uploads\/2021\/04\/INFOBRIC_0449-1-16x12.jpg 16w, \/wp-content\/uploads\/2021\/04\/INFOBRIC_0449-1-600x450.jpg 600w, \/wp-content\/uploads\/2021\/04\/INFOBRIC_0449-1-500x375.jpg 500w, \/wp-content\/uploads\/2021\/04\/INFOBRIC_0449-1.jpg 1667w\" sizes=\"(max-width: 300px) 100vw, 300px\" \/><\/div><\/a>\n\t\t\t\t<div class=\"elementor-post__text\">\n\t\t\t\t<h3 class=\"elementor-post__title\">\n\t\t\t<a href=\"https:\/\/jobsafetest.azurewebsites.net\/sv\/samtliga-utbildningar-uppdaterade-enligt-nya-lagkrav\/\" >\n\t\t\t\tJobsafe s\u00e4kerst\u00e4ller framtidss\u00e4krade utbildningar inf\u00f6r nya arbetsmilj\u00f6krav 2025\t\t\t<\/a>\n\t\t<\/h3>\n\t\t\t\t<div class=\"elementor-post__excerpt\">\n\t\t\t<p>Arbetsmilj\u00f6verket uppdaterar nu lagar och krav som tr\u00e4der i kraft 1 januari 2025. Samtliga av v\u00e5ra utbildningar \u00e4r redan nu uppdaterade i enlighet med det nya regelverket f\u00f6r att s\u00e4kerst\u00e4lla att de m\u00f6ter de nya kraven. Ny regelstruktur f\u00f6r b\u00e4ttre tillg\u00e4nglighet Arbetsmilj\u00f6verket har omstrukturerat sina regler f\u00f6r att g\u00f6ra dem<\/p>\n\t\t<\/div>\n\t\t\t\t\t<div class=\"elementor-post__read-more-wrapper\">\n\t\t\n\t\t<a class=\"elementor-post__read-more\" href=\"https:\/\/jobsafetest.azurewebsites.net\/sv\/samtliga-utbildningar-uppdaterade-enligt-nya-lagkrav\/\" aria-label=\"L\u00e4s mer om Jobsafe s\u00e4kerst\u00e4ller framtidss\u00e4krade utbildningar inf\u00f6r nya arbetsmilj\u00f6krav 2025\" tabindex=\"-1\" >\n\t\t\tL\u00e4s mer\t\t<\/a>\n\n\t\t\t\t\t<\/div>\n\t\t\t\t<\/div>\n\t\t\t\t\t<\/div>\n\t\t<\/article>\n\t\t\t\t<article class=\"elementor-post elementor-grid-item post-23715 post type-post status-publish format-standard has-post-thumbnail hentry category-okategoriserade\" role=\"listitem\">\n\t\t\t<div class=\"elementor-post__card\">\n\t\t\t\t<a class=\"elementor-post__thumbnail__link\" href=\"https:\/\/jobsafetest.azurewebsites.net\/sv\/var-hittar-jag-trafikregler-for-arbete-pa-vag\/\" tabindex=\"-1\" ><div class=\"elementor-post__thumbnail\"><img decoding=\"async\" width=\"300\" height=\"200\" src=\"\/wp-content\/uploads\/2021\/04\/INFOBRIC_B2A2912-WEBB-300x200.jpg\" class=\"attachment-medium size-medium wp-image-21345\" alt=\"Arbete p\u00e5 v\u00e4g\" srcset=\"\/wp-content\/uploads\/2021\/04\/INFOBRIC_B2A2912-WEBB-300x200.jpg 300w, \/wp-content\/uploads\/2021\/04\/INFOBRIC_B2A2912-WEBB-1024x683.jpg 1024w, \/wp-content\/uploads\/2021\/04\/INFOBRIC_B2A2912-WEBB-768x512.jpg 768w, \/wp-content\/uploads\/2021\/04\/INFOBRIC_B2A2912-WEBB-1536x1024.jpg 1536w, \/wp-content\/uploads\/2021\/04\/INFOBRIC_B2A2912-WEBB-2048x1366.jpg 2048w, \/wp-content\/uploads\/2021\/04\/INFOBRIC_B2A2912-WEBB-18x12.jpg 18w, \/wp-content\/uploads\/2021\/04\/INFOBRIC_B2A2912-WEBB-600x400.jpg 600w, \/wp-content\/uploads\/2021\/04\/INFOBRIC_B2A2912-WEBB-500x333.jpg 500w\" sizes=\"(max-width: 300px) 100vw, 300px\" \/><\/div><\/a>\n\t\t\t\t<div class=\"elementor-post__text\">\n\t\t\t\t<h3 class=\"elementor-post__title\">\n\t\t\t<a href=\"https:\/\/jobsafetest.azurewebsites.net\/sv\/var-hittar-jag-trafikregler-for-arbete-pa-vag\/\" >\n\t\t\t\tVar hittar jag trafikregler f\u00f6r Arbete p\u00e5 v\u00e4g?\t\t\t<\/a>\n\t\t<\/h3>\n\t\t\t\t<div class=\"elementor-post__excerpt\">\n\t\t\t<p>Det \u00e4r av yttersta vikt att ha en god k\u00e4nnedom om de trafikregler och s\u00e4kerhetsf\u00f6reskrifter som g\u00e4ller vid v\u00e4garbeten. H\u00e4r \u00e4r allt du beh\u00f6ver veta om hur du hittar trafikregler f\u00f6r Arbete p\u00e5 V\u00e4g.\u00a0 Arbete p\u00e5 v\u00e4g \u00e4r en viktig del av att uppr\u00e4tth\u00e5lla och f\u00f6rb\u00e4ttra v\u00e5r infrastruktur, men det<\/p>\n\t\t<\/div>\n\t\t\t\t\t<div class=\"elementor-post__read-more-wrapper\">\n\t\t\n\t\t<a class=\"elementor-post__read-more\" href=\"https:\/\/jobsafetest.azurewebsites.net\/sv\/var-hittar-jag-trafikregler-for-arbete-pa-vag\/\" aria-label=\"L\u00e4s mer om Var hittar jag trafikregler f\u00f6r Arbete p\u00e5 v\u00e4g?\" tabindex=\"-1\" >\n\t\t\tL\u00e4s mer\t\t<\/a>\n\n\t\t\t\t\t<\/div>\n\t\t\t\t<\/div>\n\t\t\t\t\t<\/div>\n\t\t<\/article>\n\t\t\t\t<article class=\"elementor-post elementor-grid-item post-22719 post type-post status-publish format-standard has-post-thumbnail hentry category-okategoriserade\" role=\"listitem\">\n\t\t\t<div class=\"elementor-post__card\">\n\t\t\t\t<a class=\"elementor-post__thumbnail__link\" href=\"https:\/\/jobsafetest.azurewebsites.net\/sv\/hogre-krav-vantar-bas-p-och-bas-u-jobsafe-framtidssakrar-med-uppdaterad-utbildning\/\" tabindex=\"-1\" ><div class=\"elementor-post__thumbnail\"><img loading=\"lazy\" decoding=\"async\" width=\"300\" height=\"200\" src=\"\/wp-content\/uploads\/2021\/09\/INFOBRIC_B2A3980-WEBB-300x200.jpg\" class=\"attachment-medium size-medium wp-image-21322\" alt=\"Uppfyll arbetsmilj\u00f6krav och skapa s\u00e4kra och effektiva arbetsplatser\" srcset=\"\/wp-content\/uploads\/2021\/09\/INFOBRIC_B2A3980-WEBB-300x200.jpg 300w, \/wp-content\/uploads\/2021\/09\/INFOBRIC_B2A3980-WEBB-1024x683.jpg 1024w, \/wp-content\/uploads\/2021\/09\/INFOBRIC_B2A3980-WEBB-768x512.jpg 768w, \/wp-content\/uploads\/2021\/09\/INFOBRIC_B2A3980-WEBB-1536x1024.jpg 1536w, \/wp-content\/uploads\/2021\/09\/INFOBRIC_B2A3980-WEBB-2048x1366.jpg 2048w, \/wp-content\/uploads\/2021\/09\/INFOBRIC_B2A3980-WEBB-18x12.jpg 18w, \/wp-content\/uploads\/2021\/09\/INFOBRIC_B2A3980-WEBB-600x400.jpg 600w, \/wp-content\/uploads\/2021\/09\/INFOBRIC_B2A3980-WEBB-500x333.jpg 500w\" sizes=\"(max-width: 300px) 100vw, 300px\" \/><\/div><\/a>\n\t\t\t\t<div class=\"elementor-post__text\">\n\t\t\t\t<h3 class=\"elementor-post__title\">\n\t\t\t<a href=\"https:\/\/jobsafetest.azurewebsites.net\/sv\/hogre-krav-vantar-bas-p-och-bas-u-jobsafe-framtidssakrar-med-uppdaterad-utbildning\/\" >\n\t\t\t\tH\u00f6gre krav v\u00e4ntar Bas P och Bas U \u2013 Jobsafe framtidss\u00e4krar med uppdaterad utbildning\t\t\t<\/a>\n\t\t<\/h3>\n\t\t\t\t<div class=\"elementor-post__excerpt\">\n\t\t\t<p>Arbetsmilj\u00f6verket sk\u00e4rper kraven f\u00f6r flera akt\u00f6rer inom byggbranschen n\u00e4sta \u00e5r. Bland de ber\u00f6rda parterna finns BAS P och BAS U. De nya reglerna, som tr\u00e4der i kraft den 1 januari 2025, innefattar en tydligare rollf\u00f6rdelning och systematisk \u00f6verl\u00e4mning. Jobsafe har redan nu uppdaterat utbildningen enligt det nya regelverket, som bland<\/p>\n\t\t<\/div>\n\t\t\t\t\t<div class=\"elementor-post__read-more-wrapper\">\n\t\t\n\t\t<a class=\"elementor-post__read-more\" href=\"https:\/\/jobsafetest.azurewebsites.net\/sv\/hogre-krav-vantar-bas-p-och-bas-u-jobsafe-framtidssakrar-med-uppdaterad-utbildning\/\" aria-label=\"L\u00e4s mer om H\u00f6gre krav v\u00e4ntar Bas P och Bas U \u2013 Jobsafe framtidss\u00e4krar med uppdaterad utbildning\" tabindex=\"-1\" >\n\t\t\tL\u00e4s mer\t\t<\/a>\n\n\t\t\t\t\t<\/div>\n\t\t\t\t<\/div>\n\t\t\t\t\t<\/div>\n\t\t<\/article>\n\t\t\t\t<\/div>\n\t\t\n\t\t\t\t\t\t<\/div>\n\t\t\t\t<\/div>\n\t\t\t\t\t<\/div>\n\t\t\t\t<\/div>\n\t\t\t\t<\/div>\n\t\t","protected":false},"excerpt":{"rendered":"<p>Nyheter H\u00e4r kan du l\u00e4sa om de senaste nyheterna fr\u00e5n JobSafe. Just nu spara 30% p\u00e5 alla onlineutbildningar!<\/p>\n","protected":false},"author":29,"featured_media":0,"parent":0,"menu_order":0,"comment_status":"closed","ping_status":"closed","template":"","meta":{"_acf_changed":false,"_uf_show_specific_survey":0,"_uf_disable_surveys":false,"footnotes":""},"class_list":["post-22568","page","type-page","status-publish","hentry"],"acf":[],"yoast_head":"<!-- This site is optimized with the Yoast SEO Premium plugin v22.2 (Yoast SEO v27.4) - https:\/\/yoast.com\/product\/yoast-seo-premium-wordpress\/ -->\n<title>Nyheter - Jobsafe<\/title>\n<meta name=\"robots\" content=\"index, follow, max-snippet:-1, max-image-preview:large, max-video-preview:-1\" \/>\n<link rel=\"canonical\" href=\"https:\/\/jobsafetest.azurewebsites.net\/sv\/nyheter\/\" \/>\n<meta property=\"og:locale\" content=\"sv_SE\" \/>\n<meta property=\"og:type\" content=\"article\" \/>\n<meta property=\"og:title\" content=\"Nyheter\" \/>\n<meta property=\"og:description\" content=\"Nyheter H\u00e4r kan du l\u00e4sa om de senaste nyheterna fr\u00e5n JobSafe. Just nu spara 30% p\u00e5 alla onlineutbildningar!\" \/>\n<meta property=\"og:url\" content=\"https:\/\/jobsafetest.azurewebsites.net\/sv\/nyheter\/\" \/>\n<meta property=\"og:site_name\" content=\"Jobsafe\" \/>\n<meta property=\"article:publisher\" content=\"https:\/\/www.facebook.com\/jobsafesverige\" \/>\n<meta property=\"article:modified_time\" content=\"2025-11-05T14:57:29+00:00\" \/>\n<meta name=\"twitter:card\" content=\"summary_large_image\" \/>\n<script type=\"application\/ld+json\" class=\"yoast-schema-graph\">{\"@context\":\"https:\\\/\\\/schema.org\",\"@graph\":[{\"@type\":\"WebPage\",\"@id\":\"https:\\\/\\\/jobsafetest.azurewebsites.net\\\/nyheter\\\/\",\"url\":\"https:\\\/\\\/jobsafetest.azurewebsites.net\\\/nyheter\\\/\",\"name\":\"Nyheter - Jobsafe\",\"isPartOf\":{\"@id\":\"https:\\\/\\\/jobsafetest.azurewebsites.net\\\/#website\"},\"datePublished\":\"2024-05-21T07:55:39+00:00\",\"dateModified\":\"2025-11-05T14:57:29+00:00\",\"breadcrumb\":{\"@id\":\"https:\\\/\\\/jobsafetest.azurewebsites.net\\\/nyheter\\\/#breadcrumb\"},\"inLanguage\":\"sv-SE\",\"potentialAction\":[{\"@type\":\"ReadAction\",\"target\":[\"https:\\\/\\\/jobsafetest.azurewebsites.net\\\/nyheter\\\/\"]}]},{\"@type\":\"BreadcrumbList\",\"@id\":\"https:\\\/\\\/jobsafetest.azurewebsites.net\\\/nyheter\\\/#breadcrumb\",\"itemListElement\":[{\"@type\":\"ListItem\",\"position\":1,\"name\":\"Hem\",\"item\":\"https:\\\/\\\/jobsafetest.azurewebsites.net\\\/sv\\\/\"},{\"@type\":\"ListItem\",\"position\":2,\"name\":\"Nyheter\"}]},{\"@type\":\"WebSite\",\"@id\":\"https:\\\/\\\/jobsafetest.azurewebsites.net\\\/#website\",\"url\":\"https:\\\/\\\/jobsafetest.azurewebsites.net\\\/\",\"name\":\"Jobsafe\",\"description\":\"Utbildningar f\u00f6r en s\u00e4ker arbetsplats\",\"publisher\":{\"@id\":\"https:\\\/\\\/jobsafetest.azurewebsites.net\\\/#organization\"},\"potentialAction\":[{\"@type\":\"SearchAction\",\"target\":{\"@type\":\"EntryPoint\",\"urlTemplate\":\"https:\\\/\\\/jobsafetest.azurewebsites.net\\\/?s={search_term_string}\"},\"query-input\":{\"@type\":\"PropertyValueSpecification\",\"valueRequired\":true,\"valueName\":\"search_term_string\"}}],\"inLanguage\":\"sv-SE\"},{\"@type\":\"Organization\",\"@id\":\"https:\\\/\\\/jobsafetest.azurewebsites.net\\\/#organization\",\"name\":\"JobSafe EdTech AB\",\"url\":\"https:\\\/\\\/jobsafetest.azurewebsites.net\\\/\",\"logo\":{\"@type\":\"ImageObject\",\"inLanguage\":\"sv-SE\",\"@id\":\"https:\\\/\\\/jobsafetest.azurewebsites.net\\\/#\\\/schema\\\/logo\\\/image\\\/\",\"url\":\"\\\/wp-content\\\/uploads\\\/2024\\\/06\\\/jobsafe-by-infobric-logo-1.svg\",\"contentUrl\":\"\\\/wp-content\\\/uploads\\\/2024\\\/06\\\/jobsafe-by-infobric-logo-1.svg\",\"width\":111,\"height\":72,\"caption\":\"JobSafe EdTech AB\"},\"image\":{\"@id\":\"https:\\\/\\\/jobsafetest.azurewebsites.net\\\/#\\\/schema\\\/logo\\\/image\\\/\"},\"sameAs\":[\"https:\\\/\\\/www.facebook.com\\\/jobsafesverige\"]}]}<\/script>\n<!-- \/ Yoast SEO Premium plugin. -->","yoast_head_json":{"title":"Nyheter - Jobsafe","robots":{"index":"index","follow":"follow","max-snippet":"max-snippet:-1","max-image-preview":"max-image-preview:large","max-video-preview":"max-video-preview:-1"},"canonical":"https:\/\/jobsafetest.azurewebsites.net\/sv\/nyheter\/","og_locale":"sv_SE","og_type":"article","og_title":"Nyheter","og_description":"Nyheter H\u00e4r kan du l\u00e4sa om de senaste nyheterna fr\u00e5n JobSafe. Just nu spara 30% p\u00e5 alla onlineutbildningar!","og_url":"https:\/\/jobsafetest.azurewebsites.net\/sv\/nyheter\/","og_site_name":"Jobsafe","article_publisher":"https:\/\/www.facebook.com\/jobsafesverige","article_modified_time":"2025-11-05T14:57:29+00:00","twitter_card":"summary_large_image","schema":{"@context":"https:\/\/schema.org","@graph":[{"@type":"WebPage","@id":"https:\/\/jobsafetest.azurewebsites.net\/nyheter\/","url":"https:\/\/jobsafetest.azurewebsites.net\/nyheter\/","name":"Nyheter - Jobsafe","isPartOf":{"@id":"https:\/\/jobsafetest.azurewebsites.net\/#website"},"datePublished":"2024-05-21T07:55:39+00:00","dateModified":"2025-11-05T14:57:29+00:00","breadcrumb":{"@id":"https:\/\/jobsafetest.azurewebsites.net\/nyheter\/#breadcrumb"},"inLanguage":"sv-SE","potentialAction":[{"@type":"ReadAction","target":["https:\/\/jobsafetest.azurewebsites.net\/nyheter\/"]}]},{"@type":"BreadcrumbList","@id":"https:\/\/jobsafetest.azurewebsites.net\/nyheter\/#breadcrumb","itemListElement":[{"@type":"ListItem","position":1,"name":"Hem","item":"https:\/\/jobsafetest.azurewebsites.net\/sv\/"},{"@type":"ListItem","position":2,"name":"Nyheter"}]},{"@type":"WebSite","@id":"https:\/\/jobsafetest.azurewebsites.net\/#website","url":"https:\/\/jobsafetest.azurewebsites.net\/","name":"Jobsafe","description":"Utbildningar f\u00f6r en s\u00e4ker arbetsplats","publisher":{"@id":"https:\/\/jobsafetest.azurewebsites.net\/#organization"},"potentialAction":[{"@type":"SearchAction","target":{"@type":"EntryPoint","urlTemplate":"https:\/\/jobsafetest.azurewebsites.net\/?s={search_term_string}"},"query-input":{"@type":"PropertyValueSpecification","valueRequired":true,"valueName":"search_term_string"}}],"inLanguage":"sv-SE"},{"@type":"Organization","@id":"https:\/\/jobsafetest.azurewebsites.net\/#organization","name":"JobSafe EdTech AB","url":"https:\/\/jobsafetest.azurewebsites.net\/","logo":{"@type":"ImageObject","inLanguage":"sv-SE","@id":"https:\/\/jobsafetest.azurewebsites.net\/#\/schema\/logo\/image\/","url":"\/wp-content\/uploads\/2024\/06\/jobsafe-by-infobric-logo-1.svg","contentUrl":"\/wp-content\/uploads\/2024\/06\/jobsafe-by-infobric-logo-1.svg","width":111,"height":72,"caption":"JobSafe EdTech AB"},"image":{"@id":"https:\/\/jobsafetest.azurewebsites.net\/#\/schema\/logo\/image\/"},"sameAs":["https:\/\/www.facebook.com\/jobsafesverige"]}]}},"_links":{"self":[{"href":"https:\/\/jobsafetest.azurewebsites.net\/sv\/wp-json\/wp\/v2\/pages\/22568","targetHints":{"allow":["GET"]}}],"collection":[{"href":"https:\/\/jobsafetest.azurewebsites.net\/sv\/wp-json\/wp\/v2\/pages"}],"about":[{"href":"https:\/\/jobsafetest.azurewebsites.net\/sv\/wp-json\/wp\/v2\/types\/page"}],"author":[{"embeddable":true,"href":"https:\/\/jobsafetest.azurewebsites.net\/sv\/wp-json\/wp\/v2\/users\/29"}],"replies":[{"embeddable":true,"href":"https:\/\/jobsafetest.azurewebsites.net\/sv\/wp-json\/wp\/v2\/comments?post=22568"}],"version-history":[{"count":16,"href":"https:\/\/jobsafetest.azurewebsites.net\/sv\/wp-json\/wp\/v2\/pages\/22568\/revisions"}],"predecessor-version":[{"id":32568,"href":"https:\/\/jobsafetest.azurewebsites.net\/sv\/wp-json\/wp\/v2\/pages\/22568\/revisions\/32568"}],"wp:attachment":[{"href":"https:\/\/jobsafetest.azurewebsites.net\/sv\/wp-json\/wp\/v2\/media?parent=22568"}],"curies":[{"name":"wp","href":"https:\/\/api.w.org\/{rel}","templated":true}]}}