{"id":258,"date":"2021-04-13T09:16:41","date_gmt":"2021-04-13T07:16:41","guid":{"rendered":"http:\/\/dev.jobsafe.se\/?page_id=258"},"modified":"2025-11-27T09:44:50","modified_gmt":"2025-11-27T08:44:50","slug":"allmanna-villkor","status":"publish","type":"page","link":"https:\/\/jobsafetest.azurewebsites.net\/sv\/allmanna-villkor\/","title":{"rendered":"Allm\u00e4nna villkor"},"content":{"rendered":"\t\t<div data-elementor-type=\"wp-page\" data-elementor-id=\"258\" class=\"elementor elementor-258\" data-elementor-post-type=\"page\">\n\t\t\t\t<div class=\"elementor-element elementor-element-107134cd e-flex e-con-boxed e-con e-parent\" data-id=\"107134cd\" data-element_type=\"container\" data-e-type=\"container\">\n\t\t\t\t\t<div class=\"e-con-inner\">\n\t\t<div class=\"elementor-element elementor-element-5e878dc0 e-con-full e-flex e-con e-child\" data-id=\"5e878dc0\" data-element_type=\"container\" data-e-type=\"container\" data-settings=\"{&quot;background_background&quot;:&quot;classic&quot;}\">\n\t\t\t\t<div class=\"elementor-element elementor-element-702e2c24 elementor-widget elementor-widget-heading\" data-id=\"702e2c24\" data-element_type=\"widget\" data-e-type=\"widget\" data-widget_type=\"heading.default\">\n\t\t\t\t<div class=\"elementor-widget-container\">\n\t\t\t\t\t<h2 class=\"elementor-heading-title elementor-size-default\">Allm\u00e4nna villkor<\/h2>\t\t\t\t<\/div>\n\t\t\t\t<\/div>\n\t\t\t\t<\/div>\n\t\t\t\t\t<\/div>\n\t\t\t\t<\/div>\n\t\t<div class=\"elementor-element elementor-element-1b061bc2 e-flex e-con-boxed e-con e-parent\" data-id=\"1b061bc2\" data-element_type=\"container\" data-e-type=\"container\" data-settings=\"{&quot;background_background&quot;:&quot;classic&quot;}\">\n\t\t\t\t\t<div class=\"e-con-inner\">\n\t\t<div class=\"elementor-element elementor-element-57a8fe6e e-con-full e-flex e-con e-child\" data-id=\"57a8fe6e\" data-element_type=\"container\" data-e-type=\"container\">\n\t\t\t\t<div class=\"elementor-element elementor-element-7b737ed9 elementor-widget elementor-widget-heading\" data-id=\"7b737ed9\" data-element_type=\"widget\" data-e-type=\"widget\" data-widget_type=\"heading.default\">\n\t\t\t\t<div class=\"elementor-widget-container\">\n\t\t\t\t\t<h2 class=\"elementor-heading-title elementor-size-default\">Integritetspolicy<\/h2>\t\t\t\t<\/div>\n\t\t\t\t<\/div>\n\t\t\t\t<div class=\"elementor-element elementor-element-1037acfe elementor-widget elementor-widget-text-editor\" data-id=\"1037acfe\" data-element_type=\"widget\" data-e-type=\"widget\" data-widget_type=\"text-editor.default\">\n\t\t\t\t<div class=\"elementor-widget-container\">\n\t\t\t\t\t\t\t\t\t<p>Jobsade Edtech AB, org.nr 556649-9405, \u00e4r en del av Infobric Group. F\u00f6r Jobsafes behandling av personuppgifter i egenskap av personuppgiftsansvarig g\u00e4ller p\u00e5 motsvarande s\u00e4tt de villkor som anges p\u00e5 <a href=\"https:\/\/infobric.se\/sv\/integritetspolicy\/\">https:\/\/infobric.se\/sv\/integritetspolicy\/<\/a>.<\/p>\t\t\t\t\t\t\t\t<\/div>\n\t\t\t\t<\/div>\n\t\t\t\t<div class=\"elementor-element elementor-element-1fe06148 elementor-widget elementor-widget-heading\" data-id=\"1fe06148\" data-element_type=\"widget\" data-e-type=\"widget\" data-widget_type=\"heading.default\">\n\t\t\t\t<div class=\"elementor-widget-container\">\n\t\t\t\t\t<h2 class=\"elementor-heading-title elementor-size-default\">Allm\u00e4nna villkor JobSafe EdTech AB<\/h2>\t\t\t\t<\/div>\n\t\t\t\t<\/div>\n\t\t\t\t<div class=\"elementor-element elementor-element-1fa2e55d elementor-widget elementor-widget-text-editor\" data-id=\"1fa2e55d\" data-element_type=\"widget\" data-e-type=\"widget\" data-widget_type=\"text-editor.default\">\n\t\t\t\t<div class=\"elementor-widget-container\">\n\t\t\t\t\t\t\t\t\t<p><strong>1. Allm\u00e4nt<\/strong><\/p><p>1.1. Jobsafe Edtech AB, org.nr 556649-9405, Elektrav\u00e4gen 3, 126 30 H\u00e4gersten, (\u201cJobsafe\u201d). Detta avtal g\u00e4ller mellan k\u00f6pare, (\u201dKunden\u201d), och Jobsafe avseende webbaserade utbildningar, (\u201dTj\u00e4nsten\u201d).<\/p><p><strong>2. Villkor f\u00f6r k\u00f6p av Tj\u00e4nsten<\/strong><\/p><p>2.1. K\u00f6pta utbildningslicenser \u00e4r giltiga i 12 m\u00e5nader. Fr\u00e5n att en utbildningslicens tilldelas en person och aktiveras g\u00e4ller licensen i 6 m\u00e5nader. Om utbildningen inte \u00e4r genomf\u00f6rd efter 6 m\u00e5nader \u00e4r utbildningen f\u00f6rbrukad. Efter att en licens aktiverats och tilldelats en person g\u00e5r den ej att tilldela annan person eller annan utbildning.<\/p><p>2.2. Tillg\u00e5ngen till material g\u00e4ller endast f\u00f6r den person som har k\u00f6pt Tj\u00e4nsten. Kunden f\u00e5r inte p\u00e5 n\u00e5got s\u00e4tt sprida vidare inneh\u00e5llet till andra eller dela l\u00f6senord till konto.<\/p><p><strong>3. Anv\u00e4ndning av Tj\u00e4nsten<\/strong><\/p><p>3.1. Inloggningsuppgifter till Tj\u00e4nsten \u00e4r personliga och Kunden \u00e4ger inte r\u00e4tt att l\u00e4mna ut eller g\u00f6ra dessa uppgifter tillg\u00e4ngliga f\u00f6r annan.<\/p><p>3.2. Jobsafe har r\u00e4tt att registrera samt f\u00f6ra statistik \u00f6ver Kundens bruk av Tj\u00e4nsten.<\/p><p>3.3. Jobsafe f\u00e5r utan f\u00f6reg\u00e5ende varning st\u00e4nga av Kund som brukar Tj\u00e4nsten i strid med dessa Allm\u00e4nna villkor.<\/p><p>3.4. Inloggningsuppgifter och konto \u00e4r individuella och f\u00e5r ej delas av Kunden.<\/p><p>3.5. Kunden ansvarar f\u00f6r att de uppgifter som denne l\u00e4mnar i samband med skapande av anv\u00e4ndarkonto \u00e4r korrekta. Kunden f\u00e5r inte registrera anv\u00e4ndar\u00ackonto med felaktig identitet.<\/p><p>3.6. Kunden \u00e4r skyldig att h\u00e5lla sin profil uppdaterad med aktuella personuppgifter och verifierade kontaktuppgifter.<\/p><p><strong>4. Uppdatering etc. av Tj\u00e4nsten<\/strong><\/p><p>4.1. Jobsafe f\u00f6rbeh\u00e5ller sig r\u00e4tten att n\u00e4r som helst uppdatera, \u00e4ndra, eller ta bort hela eller delar av inneh\u00e5llet i Tj\u00e4nsten.<\/p><p><strong>5. Pris och betalning<\/strong><\/p><p>5.1. Kund som \u00f6nskar best\u00e4lla Tj\u00e4nsten ska betala den avgift som g\u00e4ller vid tidpunkten f\u00f6r best\u00e4llningen. Till\u00e4mpliga priser f\u00f6r Tj\u00e4nsten framg\u00e5r av den prislista som \u00e5terfinns p\u00e5 Jobsafes webbplats. Prislistan kan komma att \u00e4ndras fr\u00e5n tid till annan. Samtliga avgifter \u00e4r angivna inklusive moms och i svenska kronor (SEK). Priset f\u00f6r Tj\u00e4nsten framg\u00e5r av orderbekr\u00e4ftelsen.<\/p><p>5.2. Vid betalning efter f\u00f6rfallodag utg\u00e5r p\u00e5minnelseavgift om 60 kronor samt dr\u00f6jsm\u00e5lsr\u00e4nta enligt r\u00e4ntelagen.<\/p><p>5.3. Jobsafe erbjuder i samarbete med Svea ekonomi f\u00f6ljande betalningsalternativ:<br \/>Faktura, delbetalning och kort. Kontakta Svea ekonomi vid fr\u00e5gor ang\u00e5ende betalning (08 \u2013 514 931 13).<\/p><p>5.4. F\u00f6renklad kreditpr\u00f6vning utan k\u00e4nnedomskopia sker.<\/p><p>5.5. Faktura<br \/>Vid betalning via faktura samarbetar Jobsafe med Svea Ekonomi AB. F\u00f6r att handla mot faktura m\u00e5ste Kunden ange sitt personnummer eller organisationsnummer. F\u00f6r privatkunder g\u00e4ller som f\u00f6ruts\u00e4ttning f\u00f6r att f\u00e5 betala mot faktura att Kunden \u00e4r registrerad i folkbokf\u00f6ringsregistret i Sverige, att Kunden \u00e4r \u00f6ver 18 \u00e5r och att Kunden inte f\u00e5r ha n\u00e5gra betalningsanm\u00e4rkningar.<br \/>Samtliga fakturor \u00e4r av Jobsafe Sverige AB \u00f6verl\u00e5tna till Svea Ekonomi AB. Sedvanlig kreditpr\u00f6vning sker efter att personuppgifterna l\u00e4mnats i kassan, i vissa fall inneb\u00e4r detta att en kreditupplysning tas. En kopia p\u00e5 kreditupplysningen kommer i s\u00e5 fall skickas till Kunden.<br \/>Fakturans betalningsvillkor \u00e4r 30 dagar.<\/p><p>5.6. Delbetala<br \/>Genom samarbete med Svea Ekonomi AB kan Kunden teckna ett kontokreditavtal och d\u00e4rmed delbetala k\u00f6p av Tj\u00e4nsten. Kredittiden v\u00e4ljer Kunden genom att kryssa i det alternativ som passar Kunden b\u00e4st. K\u00f6pet kan alltid betalas i sin helhet n\u00e4rsomhelst, innan f\u00f6rfallodag.<br \/>Sedvanlig kreditpr\u00f6vning sker efter att personuppgifterna l\u00e4mnats i kassan. I vissa fall inneb\u00e4r detta att en kreditupplysning tas. En kopia p\u00e5 kreditupplysningen kommer i s\u00e5 fall skickas hem till Kunden.<br \/>F\u00f6r ytterligare information, se:<br \/>Svea Ekonomi \u2013 Allm\u00e4nna villkor<br \/>Standardiserad europeisk konsumentkreditinformation (SEKKI)<\/p><p>5.7. Betala med kort<br \/>Betalning med kort sker enligt g\u00e4llande regler f\u00f6r online-betalning i Sverige och EU. Jobsafe anv\u00e4nder Svea Ekonomis\/Webpays hostade PCI-DSS-certifierade kortbeta-lnings\u00acl\u00f6sning.<br \/>Jobsafe accepterar f\u00f6ljande kort: Visa, MasterCard. Pengarna reserveras vid ordertillf\u00e4llet.<br \/>Alla transaktioner skickas via SSL (Secure Sockets Layer) mycket s\u00e4kert krypterade. Inga kortnummer sparas. Jobsafe anv\u00e4nder den senaste s\u00e4kerhetstekniken f\u00f6r kontokortsbetalningar p\u00e5 n\u00e4tet 3D-Secure \u2013 en standard framtagen av VISA och MasterCard med avsikt att p\u00e5 ett s\u00e4kert s\u00e4tt validera k\u00f6paren vid k\u00f6p.<\/p><p><strong>6. \u00c5ngerr\u00e4tt<\/strong><\/p><p>6.1. F\u00f6r f\u00f6retagskunder \u00e4r k\u00f6p av Tj\u00e4nsten bindande i samband med best\u00e4llning.<\/p><p>6.2. F\u00f6r privatkunder g\u00e4ller att Kundens best\u00e4llning av Tj\u00e4nsten omfattas av lag (2005:59) om distansavtal och avtal utanf\u00f6r aff\u00e4rslokaler. Detta inneb\u00e4r bl.a. att Kunden har r\u00e4tt att fr\u00e5ntr\u00e4da en best\u00e4llning av Tj\u00e4nsten inom ramen f\u00f6r Avtalet utan att ange n\u00e5got sk\u00e4l (\u00e5ngerr\u00e4tt) inom 14 dagar fr\u00e5n det att Kunden f\u00e5tt en bekr\u00e4ftelse av sin best\u00e4llning (\u00e5ngerfristen). F\u00f6r att utnyttja \u00e5ngerr\u00e4tten ska Kunden innan \u00e5ngerfristens utg\u00e5ng meddela Jobsafe om att Kunden vill fr\u00e5ntr\u00e4da sin best\u00e4llning (det r\u00e4cker med att Kundens meddelande har skickats innan \u00e5ngerfristen g\u00e5tt ut). Kunden kan \u00e4ven anv\u00e4nda standardblanketten som Konsumentverket tagit fram och som finns tillg\u00e4nglig p\u00e5 Konsumentverkets hemsida (www.konsumentverket.se).<\/p><p>6.3. Observera att \u00e5ngerr\u00e4tten \u00e4r begr\u00e4nsad. Om Kunden p\u00e5b\u00f6rjar anv\u00e4ndningen av Tj\u00e4nsten samtycker Kunden till att Jobsafe p\u00e5b\u00f6rjar fullg\u00f6randet av leveransen av Tj\u00e4nsten, \u00e4ven om \u00e5ngerfristen inte skulle ha l\u00f6pt ut och att det d\u00e4rigenom inte finns n\u00e5gon \u00e5ngerr\u00e4tt. Kunden medger s\u00e5ledes att denne inte har n\u00e5gon \u00e5ngerr\u00e4tt fr\u00e5n och med den tidpunkt d\u00e5 Kunden p\u00e5b\u00f6rjar anv\u00e4ndningen av Tj\u00e4nsten.<\/p><p>6.4. Om Kunden fr\u00e5ntr\u00e4der en best\u00e4llning med st\u00f6d av \u00e5ngerr\u00e4tten kommer Jobsafe utan avdrag \u00e5terbetala vad Kunden erlagt f\u00f6r Tj\u00e4nsten som omfattas av den aktuella best\u00e4llningen. \u00c5terbetalningen kommer att ske utan on\u00f6digt dr\u00f6jsm\u00e5l och i vilket fall som helst senast 14 dagar fr\u00e5n och med den dag d\u00e5 Jobsafe underr\u00e4ttades om Kundens beslut att fr\u00e5ntr\u00e4da best\u00e4llningen.<\/p><p><strong>7. Immateriella r\u00e4ttigheter<\/strong><\/p><p>7.1. Jobsafe innehar samtliga r\u00e4ttigheter, inklusive immateriella r\u00e4ttigheter, till Tj\u00e4nsten och det marknadsf\u00f6rings-, utbildnings- och ev. \u00f6vrigt material r\u00f6rande Tj\u00e4nsten och\/eller utbildningar som tillhandh\u00e5lls av Jobsafe, innefattande men inte begr\u00e4nsat till patent, upphovsr\u00e4tt, m\u00f6nsterskydd och varum\u00e4rken. Inget i dessa villkor ska tolkas som att dessa r\u00e4ttigheter eller del d\u00e4rav, \u00f6verg\u00e5r till Kunden.<\/p><p>7.2. Kunden f\u00e5r inte dela, kopiera eller sprida Jobsafes utbildningsmaterial eller andra r\u00e4ttigheter som tillkommer Jobsafe enligt ovan, utan Jobsafes skriftliga tillst\u00e5nd i varje fall.<\/p><p><strong>8. Personuppgiftshantering<\/strong><\/p><p>8.1. Genom anv\u00e4ndning av Tj\u00e4nsten kommer Jobsafe att behandla personuppgifter. Mer information om hur Jobsafe behandlar Kundens personuppgifter finns i Jobsafes integritetsskyddspolicy, https:\/\/infobric.se\/sv\/integritetspolicy\/.<\/p><p><strong>9. Ansvarsbegr\u00e4nsning<\/strong><\/p><p>9.1. Jobsafe str\u00e4var efter att Tj\u00e4nsten alltid ska fungera p\u00e5 ett felfritt s\u00e4tt och tillsammans med de standardwebbl\u00e4sare som finns. Jobsafe ansvarar dock inte f\u00f6r att Tj\u00e4nsten fungerar felfritt eller utan st\u00f6rningar eller att dessa uppfyller en viss serviceniv\u00e5.<\/p><p>9.2. Jobsafe \u00e4r inte under n\u00e5gra omst\u00e4ndigheter ansvarigt f\u00f6r indirekt skada, dataf\u00f6rlust eller f\u00f6rlust av int\u00e4kt gentemot Kunden. Vidare ansvarar Jobsafe aldrig f\u00f6r skada, f\u00f6rlust eller fel \u00f6verstigande den summa som Kunden har betalat till Jobsafe som ers\u00e4ttning f\u00f6r Tj\u00e4nsten.<\/p><p><strong>10. \u00c4ndring av Allm\u00e4nna villkor\/k\u00f6pevillkor<\/strong><\/p><p>10.1. Dessa Allm\u00e4nna villkor g\u00e4ller tills vidare. Jobsafe f\u00f6rbeh\u00e5ller sig dock r\u00e4tten att, vid behov, under p\u00e5g\u00e5ende avtalsperiod justera villkoren utan f\u00f6reg\u00e5ende godk\u00e4nnande fr\u00e5n Kunden.<\/p><p><strong>11. Tvist<\/strong><\/p><p>11.1. Tvister ska pr\u00f6vas av allm\u00e4n domstol med J\u00f6nk\u00f6pings tingsr\u00e4tt som f\u00f6rsta instans. Svensk lag ska vara till\u00e4mplig p\u00e5 tvisten.<\/p><p>11.2. F\u00f6r privatkunder g\u00e4ller dock att vid tvist mellan Jobsafe och Kunden ska parterna i f\u00f6rsta hand f\u00f6rs\u00f6ka l\u00f6sa tvisten genom \u00f6verenskommelse. Om parterna inte kan enas, kan tvisten avg\u00f6ras av Allm\u00e4nna Reklamationsn\u00e4mnden. Part har dock alltid r\u00e4tt att v\u00e4cka talan vid allm\u00e4n domstol.<br \/>EU-kommissionen erbjuder en webbplats f\u00f6r att hj\u00e4lpa missn\u00f6jda kunder att l\u00f6sa tvister, du hittar den h\u00e4r: http:\/\/ec.europa.eu\/consumers\/odr\/<\/p>\t\t\t\t\t\t\t\t<\/div>\n\t\t\t\t<\/div>\n\t\t\t\t<\/div>\n\t\t\t\t\t<\/div>\n\t\t\t\t<\/div>\n\t\t\t\t<\/div>\n\t\t","protected":false},"excerpt":{"rendered":"<p>Allm\u00e4nna villkor Integritetspolicy Jobsade Edtech AB, org.nr 556649-9405, \u00e4r en del av Infobric Group. F\u00f6r Jobsafes behandling av personuppgifter i egenskap av personuppgiftsansvarig g\u00e4ller p\u00e5 motsvarande s\u00e4tt de villkor som anges p\u00e5 https:\/\/infobric.se\/sv\/integritetspolicy\/. Allm\u00e4nna villkor JobSafe EdTech AB 1. Allm\u00e4nt 1.1. Jobsafe Edtech AB, org.nr 556649-9405, Elektrav\u00e4gen 3, 126 30 H\u00e4gersten, (\u201cJobsafe\u201d). Detta avtal g\u00e4ller [&hellip;]<\/p>\n","protected":false},"author":5,"featured_media":0,"parent":0,"menu_order":0,"comment_status":"closed","ping_status":"closed","template":"","meta":{"_acf_changed":false,"_uf_show_specific_survey":0,"_uf_disable_surveys":false,"footnotes":""},"class_list":["post-258","page","type-page","status-publish","hentry"],"acf":[],"yoast_head":"<!-- This site is optimized with the Yoast SEO Premium plugin v22.2 (Yoast SEO v27.4) - https:\/\/yoast.com\/product\/yoast-seo-premium-wordpress\/ -->\n<title>Allm\u00e4nna villkor - Jobsafe<\/title>\n<meta name=\"robots\" content=\"index, follow, max-snippet:-1, max-image-preview:large, max-video-preview:-1\" \/>\n<link rel=\"canonical\" href=\"https:\/\/jobsafetest.azurewebsites.net\/sv\/allmanna-villkor\/\" \/>\n<meta property=\"og:locale\" content=\"sv_SE\" \/>\n<meta property=\"og:type\" content=\"article\" \/>\n<meta property=\"og:title\" content=\"Allm\u00e4nna villkor\" \/>\n<meta property=\"og:description\" content=\"Allm\u00e4nna villkor Integritetspolicy Jobsade Edtech AB, org.nr 556649-9405, \u00e4r en del av Infobric Group. F\u00f6r Jobsafes behandling av personuppgifter i egenskap av personuppgiftsansvarig g\u00e4ller p\u00e5 motsvarande s\u00e4tt de villkor som anges p\u00e5 https:\/\/infobric.se\/sv\/integritetspolicy\/. Allm\u00e4nna villkor JobSafe EdTech AB 1. Allm\u00e4nt 1.1. Jobsafe Edtech AB, org.nr 556649-9405, Elektrav\u00e4gen 3, 126 30 H\u00e4gersten, (\u201cJobsafe\u201d). Detta avtal g\u00e4ller [&hellip;]\" \/>\n<meta property=\"og:url\" content=\"https:\/\/jobsafetest.azurewebsites.net\/sv\/allmanna-villkor\/\" \/>\n<meta property=\"og:site_name\" content=\"Jobsafe\" \/>\n<meta property=\"article:publisher\" content=\"https:\/\/www.facebook.com\/jobsafesverige\" \/>\n<meta property=\"article:modified_time\" content=\"2025-11-27T08:44:50+00:00\" \/>\n<meta name=\"twitter:card\" content=\"summary_large_image\" \/>\n<script type=\"application\/ld+json\" class=\"yoast-schema-graph\">{\"@context\":\"https:\\\/\\\/schema.org\",\"@graph\":[{\"@type\":\"WebPage\",\"@id\":\"https:\\\/\\\/jobsafetest.azurewebsites.net\\\/allmanna-villkor\\\/\",\"url\":\"https:\\\/\\\/jobsafetest.azurewebsites.net\\\/allmanna-villkor\\\/\",\"name\":\"Allm\u00e4nna villkor - Jobsafe\",\"isPartOf\":{\"@id\":\"https:\\\/\\\/jobsafetest.azurewebsites.net\\\/#website\"},\"datePublished\":\"2021-04-13T07:16:41+00:00\",\"dateModified\":\"2025-11-27T08:44:50+00:00\",\"breadcrumb\":{\"@id\":\"https:\\\/\\\/jobsafetest.azurewebsites.net\\\/allmanna-villkor\\\/#breadcrumb\"},\"inLanguage\":\"sv-SE\",\"potentialAction\":[{\"@type\":\"ReadAction\",\"target\":[\"https:\\\/\\\/jobsafetest.azurewebsites.net\\\/allmanna-villkor\\\/\"]}]},{\"@type\":\"BreadcrumbList\",\"@id\":\"https:\\\/\\\/jobsafetest.azurewebsites.net\\\/allmanna-villkor\\\/#breadcrumb\",\"itemListElement\":[{\"@type\":\"ListItem\",\"position\":1,\"name\":\"Hem\",\"item\":\"https:\\\/\\\/jobsafetest.azurewebsites.net\\\/sv\\\/\"},{\"@type\":\"ListItem\",\"position\":2,\"name\":\"Allm\u00e4nna villkor\"}]},{\"@type\":\"WebSite\",\"@id\":\"https:\\\/\\\/jobsafetest.azurewebsites.net\\\/#website\",\"url\":\"https:\\\/\\\/jobsafetest.azurewebsites.net\\\/\",\"name\":\"Jobsafe\",\"description\":\"Utbildningar f\u00f6r en s\u00e4ker arbetsplats\",\"publisher\":{\"@id\":\"https:\\\/\\\/jobsafetest.azurewebsites.net\\\/#organization\"},\"potentialAction\":[{\"@type\":\"SearchAction\",\"target\":{\"@type\":\"EntryPoint\",\"urlTemplate\":\"https:\\\/\\\/jobsafetest.azurewebsites.net\\\/?s={search_term_string}\"},\"query-input\":{\"@type\":\"PropertyValueSpecification\",\"valueRequired\":true,\"valueName\":\"search_term_string\"}}],\"inLanguage\":\"sv-SE\"},{\"@type\":\"Organization\",\"@id\":\"https:\\\/\\\/jobsafetest.azurewebsites.net\\\/#organization\",\"name\":\"JobSafe EdTech AB\",\"url\":\"https:\\\/\\\/jobsafetest.azurewebsites.net\\\/\",\"logo\":{\"@type\":\"ImageObject\",\"inLanguage\":\"sv-SE\",\"@id\":\"https:\\\/\\\/jobsafetest.azurewebsites.net\\\/#\\\/schema\\\/logo\\\/image\\\/\",\"url\":\"\\\/wp-content\\\/uploads\\\/2024\\\/06\\\/jobsafe-by-infobric-logo-1.svg\",\"contentUrl\":\"\\\/wp-content\\\/uploads\\\/2024\\\/06\\\/jobsafe-by-infobric-logo-1.svg\",\"width\":111,\"height\":72,\"caption\":\"JobSafe EdTech AB\"},\"image\":{\"@id\":\"https:\\\/\\\/jobsafetest.azurewebsites.net\\\/#\\\/schema\\\/logo\\\/image\\\/\"},\"sameAs\":[\"https:\\\/\\\/www.facebook.com\\\/jobsafesverige\"]}]}<\/script>\n<!-- \/ Yoast SEO Premium plugin. -->","yoast_head_json":{"title":"Allm\u00e4nna villkor - Jobsafe","robots":{"index":"index","follow":"follow","max-snippet":"max-snippet:-1","max-image-preview":"max-image-preview:large","max-video-preview":"max-video-preview:-1"},"canonical":"https:\/\/jobsafetest.azurewebsites.net\/sv\/allmanna-villkor\/","og_locale":"sv_SE","og_type":"article","og_title":"Allm\u00e4nna villkor","og_description":"Allm\u00e4nna villkor Integritetspolicy Jobsade Edtech AB, org.nr 556649-9405, \u00e4r en del av Infobric Group. F\u00f6r Jobsafes behandling av personuppgifter i egenskap av personuppgiftsansvarig g\u00e4ller p\u00e5 motsvarande s\u00e4tt de villkor som anges p\u00e5 https:\/\/infobric.se\/sv\/integritetspolicy\/. Allm\u00e4nna villkor JobSafe EdTech AB 1. Allm\u00e4nt 1.1. Jobsafe Edtech AB, org.nr 556649-9405, Elektrav\u00e4gen 3, 126 30 H\u00e4gersten, (\u201cJobsafe\u201d). Detta avtal g\u00e4ller [&hellip;]","og_url":"https:\/\/jobsafetest.azurewebsites.net\/sv\/allmanna-villkor\/","og_site_name":"Jobsafe","article_publisher":"https:\/\/www.facebook.com\/jobsafesverige","article_modified_time":"2025-11-27T08:44:50+00:00","twitter_card":"summary_large_image","schema":{"@context":"https:\/\/schema.org","@graph":[{"@type":"WebPage","@id":"https:\/\/jobsafetest.azurewebsites.net\/allmanna-villkor\/","url":"https:\/\/jobsafetest.azurewebsites.net\/allmanna-villkor\/","name":"Allm\u00e4nna villkor - Jobsafe","isPartOf":{"@id":"https:\/\/jobsafetest.azurewebsites.net\/#website"},"datePublished":"2021-04-13T07:16:41+00:00","dateModified":"2025-11-27T08:44:50+00:00","breadcrumb":{"@id":"https:\/\/jobsafetest.azurewebsites.net\/allmanna-villkor\/#breadcrumb"},"inLanguage":"sv-SE","potentialAction":[{"@type":"ReadAction","target":["https:\/\/jobsafetest.azurewebsites.net\/allmanna-villkor\/"]}]},{"@type":"BreadcrumbList","@id":"https:\/\/jobsafetest.azurewebsites.net\/allmanna-villkor\/#breadcrumb","itemListElement":[{"@type":"ListItem","position":1,"name":"Hem","item":"https:\/\/jobsafetest.azurewebsites.net\/sv\/"},{"@type":"ListItem","position":2,"name":"Allm\u00e4nna villkor"}]},{"@type":"WebSite","@id":"https:\/\/jobsafetest.azurewebsites.net\/#website","url":"https:\/\/jobsafetest.azurewebsites.net\/","name":"Jobsafe","description":"Utbildningar f\u00f6r en s\u00e4ker arbetsplats","publisher":{"@id":"https:\/\/jobsafetest.azurewebsites.net\/#organization"},"potentialAction":[{"@type":"SearchAction","target":{"@type":"EntryPoint","urlTemplate":"https:\/\/jobsafetest.azurewebsites.net\/?s={search_term_string}"},"query-input":{"@type":"PropertyValueSpecification","valueRequired":true,"valueName":"search_term_string"}}],"inLanguage":"sv-SE"},{"@type":"Organization","@id":"https:\/\/jobsafetest.azurewebsites.net\/#organization","name":"JobSafe EdTech AB","url":"https:\/\/jobsafetest.azurewebsites.net\/","logo":{"@type":"ImageObject","inLanguage":"sv-SE","@id":"https:\/\/jobsafetest.azurewebsites.net\/#\/schema\/logo\/image\/","url":"\/wp-content\/uploads\/2024\/06\/jobsafe-by-infobric-logo-1.svg","contentUrl":"\/wp-content\/uploads\/2024\/06\/jobsafe-by-infobric-logo-1.svg","width":111,"height":72,"caption":"JobSafe EdTech AB"},"image":{"@id":"https:\/\/jobsafetest.azurewebsites.net\/#\/schema\/logo\/image\/"},"sameAs":["https:\/\/www.facebook.com\/jobsafesverige"]}]}},"_links":{"self":[{"href":"https:\/\/jobsafetest.azurewebsites.net\/sv\/wp-json\/wp\/v2\/pages\/258","targetHints":{"allow":["GET"]}}],"collection":[{"href":"https:\/\/jobsafetest.azurewebsites.net\/sv\/wp-json\/wp\/v2\/pages"}],"about":[{"href":"https:\/\/jobsafetest.azurewebsites.net\/sv\/wp-json\/wp\/v2\/types\/page"}],"author":[{"embeddable":true,"href":"https:\/\/jobsafetest.azurewebsites.net\/sv\/wp-json\/wp\/v2\/users\/5"}],"replies":[{"embeddable":true,"href":"https:\/\/jobsafetest.azurewebsites.net\/sv\/wp-json\/wp\/v2\/comments?post=258"}],"version-history":[{"count":30,"href":"https:\/\/jobsafetest.azurewebsites.net\/sv\/wp-json\/wp\/v2\/pages\/258\/revisions"}],"predecessor-version":[{"id":33328,"href":"https:\/\/jobsafetest.azurewebsites.net\/sv\/wp-json\/wp\/v2\/pages\/258\/revisions\/33328"}],"wp:attachment":[{"href":"https:\/\/jobsafetest.azurewebsites.net\/sv\/wp-json\/wp\/v2\/media?parent=258"}],"curies":[{"name":"wp","href":"https:\/\/api.w.org\/{rel}","templated":true}]}}