{"id":26867,"date":"2025-01-21T16:54:28","date_gmt":"2025-01-21T15:54:28","guid":{"rendered":"https:\/\/jobsafetest.azurewebsites.net\/?page_id=26867"},"modified":"2026-01-29T11:52:59","modified_gmt":"2026-01-29T10:52:59","slug":"utbildningsbevis","status":"publish","type":"page","link":"https:\/\/jobsafetest.azurewebsites.net\/sv\/utbildningsbevis\/","title":{"rendered":"Utbildningsbevis"},"content":{"rendered":"\t\t<div data-elementor-type=\"wp-page\" data-elementor-id=\"26867\" class=\"elementor elementor-26867\" data-elementor-post-type=\"page\">\n\t\t\t\t<div class=\"elementor-element elementor-element-9724320 e-flex e-con-boxed e-con e-parent\" data-id=\"9724320\" data-element_type=\"container\" data-e-type=\"container\">\n\t\t\t\t\t<div class=\"e-con-inner\">\n\t\t<div class=\"elementor-element elementor-element-9a10730 e-con-full e-flex e-con e-child\" data-id=\"9a10730\" data-element_type=\"container\" data-e-type=\"container\" data-settings=\"{&quot;background_background&quot;:&quot;classic&quot;}\">\n\t\t\t\t<div class=\"elementor-element elementor-element-3729267 elementor-widget elementor-widget-heading\" data-id=\"3729267\" data-element_type=\"widget\" data-e-type=\"widget\" data-widget_type=\"heading.default\">\n\t\t\t\t<div class=\"elementor-widget-container\">\n\t\t\t\t\t<h2 class=\"elementor-heading-title elementor-size-default\">Utbildningsbevis<\/h2>\t\t\t\t<\/div>\n\t\t\t\t<\/div>\n\t\t\t\t<div class=\"elementor-element elementor-element-a46c541 elementor-widget elementor-widget-text-editor\" data-id=\"a46c541\" data-element_type=\"widget\" data-e-type=\"widget\" data-widget_type=\"text-editor.default\">\n\t\t\t\t<div class=\"elementor-widget-container\">\n\t\t\t\t\t\t\t\t\t<p>Verifiera utbildningsbevis eller l\u00e4s mer om certifikat f\u00f6r Brandfarliga heta arbeten och registering till ID06.<\/p>\t\t\t\t\t\t\t\t<\/div>\n\t\t\t\t<\/div>\n\t\t\t\t<\/div>\n\t\t\t\t\t<\/div>\n\t\t\t\t<\/div>\n\t\t<div class=\"elementor-element elementor-element-de8e3e3 e-con-full e-flex e-con e-parent\" data-id=\"de8e3e3\" data-element_type=\"container\" data-e-type=\"container\" data-settings=\"{&quot;background_background&quot;:&quot;classic&quot;}\">\n\t\t\t\t<div class=\"elementor-element elementor-element-ebafa5c elementor-align-justify elementor-widget__width-inherit elementor-widget elementor-widget-global elementor-global-32541 elementor-widget-button\" data-id=\"ebafa5c\" data-element_type=\"widget\" data-e-type=\"widget\" data-widget_type=\"button.default\">\n\t\t\t\t<div class=\"elementor-widget-container\">\n\t\t\t\t\t\t\t\t\t<div class=\"elementor-button-wrapper\">\n\t\t\t\t\t<a class=\"elementor-button elementor-button-link elementor-size-sm\" href=\"https:\/\/jobsafetest.azurewebsites.net\/sv\/kampanj\/\">\n\t\t\t\t\t\t<span class=\"elementor-button-content-wrapper\">\n\t\t\t\t\t\t\t\t\t<span class=\"elementor-button-text\">Just nu spara 30% p\u00e5 alla onlineutbildningar!<\/span>\n\t\t\t\t\t<\/span>\n\t\t\t\t\t<\/a>\n\t\t\t\t<\/div>\n\t\t\t\t\t\t\t\t<\/div>\n\t\t\t\t<\/div>\n\t\t\t\t<\/div>\n\t\t<div class=\"elementor-element elementor-element-5f4e0ff e-flex e-con-boxed e-con e-parent\" data-id=\"5f4e0ff\" data-element_type=\"container\" data-e-type=\"container\" data-settings=\"{&quot;background_background&quot;:&quot;classic&quot;}\">\n\t\t\t\t\t<div class=\"e-con-inner\">\n\t\t<div class=\"elementor-element elementor-element-683fe01 e-con-full e-flex e-con e-child\" data-id=\"683fe01\" data-element_type=\"container\" data-e-type=\"container\">\n\t\t<div class=\"elementor-element elementor-element-8e3aa43 e-con-full e-flex e-con e-child\" data-id=\"8e3aa43\" data-element_type=\"container\" data-e-type=\"container\">\n\t\t\t\t<div class=\"elementor-element elementor-element-df330d9 elementor-widget elementor-widget-heading\" data-id=\"df330d9\" data-element_type=\"widget\" data-e-type=\"widget\" data-widget_type=\"heading.default\">\n\t\t\t\t<div class=\"elementor-widget-container\">\n\t\t\t\t\t<h2 class=\"elementor-heading-title elementor-size-default\">Verifiering av utbildningsbevis<\/h2>\t\t\t\t<\/div>\n\t\t\t\t<\/div>\n\t\t\t\t<div class=\"elementor-element elementor-element-61dc5c8 elementor-widget elementor-widget-shortcode\" data-id=\"61dc5c8\" data-element_type=\"widget\" data-e-type=\"widget\" data-widget_type=\"shortcode.default\">\n\t\t\t\t<div class=\"elementor-widget-container\">\n\t\t\t\t\t\t\t<div class=\"elementor-shortcode\">    <div class=\"certificate-widget-container\">\n        <h2>Giltigt utbildningsbevis<\/h2>\n        <h3>H\u00e4r kan du s\u00f6ka fram de som har giltiga utbildningsbevis utf\u00e4rdade av oss p\u00e5 Jobsafe.<\/h3>\n        <p>S\u00f6k p\u00e5 personnummer i formatet YYYYMMDD-XXXX (utl\u00e4ndska fylls i enligt varje lands standardformat.)<\/p>\n        <form id=\"certificateForm\">\n            <label for=\"personalNumber\">Personnummer<\/label>\n            <div class=\"certificate-form-container\">\n                <input type=\"text\" id=\"personalNumber\" name=\"personalNumber\" placeholder=\"YYYYMMDD-XXXX\" required>\n                <button type=\"submit\">\n                    S\u00d6K\n                <\/button>\n            <\/div>\n            <div id=\"message\" class=\"hidden\"><\/div>\n        <\/form>\n    <\/div>\n\n    <script>\n        document.getElementById('certificateForm').addEventListener('submit', function (event) {\n            event.preventDefault(); \/\/ Prevent the form from submitting the traditional way\n\n            const personalNumber = document.getElementById('personalNumber').value;\n            const messageDiv = document.getElementById('message');\n            const submitButton = event.target.querySelector('button');\n\n            \/\/ Clear previous messages and disable the button\n            messageDiv.textContent = '';\n            messageDiv.style.display = 'none';\n            submitButton.disabled = true;\n            submitButton.innerHTML = '<span class=\"spinner\"><\/span>';\n\n            \/\/ Fetch data from the endpoint\n            const endpoint = `https:\/\/jobsafetest.azurewebsites.net\/wp-admin\/admin-ajax.php?action=fetch_certificates&personal_number=${personalNumber}`;\n\n            fetch(endpoint)\n                .then(response => response.json())\n                .then(data => {\n                    \/\/ Reset messageDiv content and styling\n                    messageDiv.innerHTML = '';\n                    messageDiv.className = ''; \/\/ Clear classes\n\n                    if (data.success && data.data.certificates && Array.isArray(data.data.certificates)) {\n                        const ul = document.createElement('ul');\n                        data.data.certificates.forEach(certificate => {\n                            const title = certificate.title;\n                            const completedAt = certificate.completed_at;\n                            const validUntil = certificate.valid_until;\n\n                            const li = document.createElement('li');\n                            if (completedAt && validUntil) {\n                                li.textContent = `${title}: Utbildningsbeviset \u00e4r giltigt fr\u00e5n ${completedAt} till ${validUntil}.`;\n                            } else if (completedAt) {\n                                li.textContent = `${title}: Utbildningsbeviset \u00e4r giltigt fr\u00e5n ${completedAt} och har inget utg\u00e5ngsdatum.`;\n                            } else {\n                                li.textContent = `${title}: Utbildningsbeviset har inget giltigt datum.`;\n                            }\n                            ul.appendChild(li);\n                        });\n                        messageDiv.appendChild(ul);\n                        messageDiv.className = 'success'; \/\/ Add success styling\n                    } else {\n                        messageDiv.textContent = 'Inga utbildningsbevis hittades.';\n                        messageDiv.className = 'error'; \/\/ Add error styling\n                    }\n\n                    messageDiv.style.display = 'block'; \/\/ Ensure the message is visible\n                })\n                .catch(error => {\n                    console.error('Error:', error);\n                    messageDiv.textContent = 'Kunde inte h\u00e4mta utbildningsbevis.';\n                    messageDiv.className = 'error'; \/\/ Add error styling\n                    messageDiv.style.display = 'block'; \/\/ Ensure the message is visible\n                })\n                .finally(() => {\n                    \/\/ Re-enable the button and restore its original text\n                    submitButton.disabled = false;\n                    submitButton.innerHTML = 'S\u00d6K';\n                });\n        });\n    <\/script>\n    <\/div>\n\t\t\t\t\t\t<\/div>\n\t\t\t\t<\/div>\n\t\t\t\t<\/div>\n\t\t\t\t<\/div>\n\t\t\t\t\t<\/div>\n\t\t\t\t<\/div>\n\t\t<div class=\"elementor-element elementor-element-2f24085 e-flex e-con-boxed e-con e-parent\" data-id=\"2f24085\" data-element_type=\"container\" data-e-type=\"container\" data-settings=\"{&quot;background_background&quot;:&quot;classic&quot;}\">\n\t\t\t\t\t<div class=\"e-con-inner\">\n\t\t<div class=\"elementor-element elementor-element-798fe52 e-con-full e-flex e-con e-child\" data-id=\"798fe52\" data-element_type=\"container\" data-e-type=\"container\">\n\t\t<div class=\"elementor-element elementor-element-894eec9 e-con-full elementor-hidden-tablet elementor-hidden-mobile_extra elementor-hidden-mobile e-flex e-con e-child\" data-id=\"894eec9\" data-element_type=\"container\" data-e-type=\"container\" data-settings=\"{&quot;background_background&quot;:&quot;classic&quot;}\">\n\t\t\t\t<\/div>\n\t\t<div class=\"elementor-element elementor-element-c05d792 e-con-full e-flex e-con e-child\" data-id=\"c05d792\" data-element_type=\"container\" data-e-type=\"container\">\n\t\t\t\t<div class=\"elementor-element elementor-element-fb96f20 elementor-widget elementor-widget-heading\" data-id=\"fb96f20\" data-element_type=\"widget\" data-e-type=\"widget\" data-widget_type=\"heading.default\">\n\t\t\t\t<div class=\"elementor-widget-container\">\n\t\t\t\t\t<h2 class=\"elementor-heading-title elementor-size-default\">Svebra - Brandfarliga heta arbeten<\/h2>\t\t\t\t<\/div>\n\t\t\t\t<\/div>\n\t\t\t\t<div class=\"elementor-element elementor-element-15b7a33 elementor-widget elementor-widget-text-editor\" data-id=\"15b7a33\" data-element_type=\"widget\" data-e-type=\"widget\" data-widget_type=\"text-editor.default\">\n\t\t\t\t<div class=\"elementor-widget-container\">\n\t\t\t\t\t\t\t\t\t<p>Certifikat f\u00f6r Brandfarliga heta arbeten utf\u00e4rdas av Svebra. De hanterar \u00e4ven registreringen till ID06.\u00a0<\/p>\t\t\t\t\t\t\t\t<\/div>\n\t\t\t\t<\/div>\n\t\t\t\t<div class=\"elementor-element elementor-element-d69b588 elementor-align-left elementor-widget elementor-widget-button\" data-id=\"d69b588\" data-element_type=\"widget\" data-e-type=\"widget\" data-widget_type=\"button.default\">\n\t\t\t\t<div class=\"elementor-widget-container\">\n\t\t\t\t\t\t\t\t\t<div class=\"elementor-button-wrapper\">\n\t\t\t\t\t<a class=\"elementor-button elementor-button-link elementor-size-sm\" href=\"https:\/\/brandfarligaarbeten.se\/certifiering\/\">\n\t\t\t\t\t\t<span class=\"elementor-button-content-wrapper\">\n\t\t\t\t\t\t\t\t\t<span class=\"elementor-button-text\">S\u00f6k certifikat hos Svebra<\/span>\n\t\t\t\t\t<\/span>\n\t\t\t\t\t<\/a>\n\t\t\t\t<\/div>\n\t\t\t\t\t\t\t\t<\/div>\n\t\t\t\t<\/div>\n\t\t\t\t<\/div>\n\t\t\t\t<\/div>\n\t\t\t\t\t<\/div>\n\t\t\t\t<\/div>\n\t\t<div class=\"elementor-element elementor-element-c2b3988 e-flex e-con-boxed e-con e-parent\" data-id=\"c2b3988\" data-element_type=\"container\" data-e-type=\"container\" data-settings=\"{&quot;background_background&quot;:&quot;classic&quot;}\">\n\t\t\t\t\t<div class=\"e-con-inner\">\n\t\t<div class=\"elementor-element elementor-element-d5f2caf e-con-full e-flex e-con e-child\" data-id=\"d5f2caf\" data-element_type=\"container\" data-e-type=\"container\">\n\t\t<div class=\"elementor-element elementor-element-650eace e-con-full e-flex e-con e-child\" data-id=\"650eace\" data-element_type=\"container\" data-e-type=\"container\">\n\t\t\t\t<div class=\"elementor-element elementor-element-e2e7c6e elementor-widget elementor-widget-heading\" data-id=\"e2e7c6e\" data-element_type=\"widget\" data-e-type=\"widget\" data-widget_type=\"heading.default\">\n\t\t\t\t<div class=\"elementor-widget-container\">\n\t\t\t\t\t<h2 class=\"elementor-heading-title elementor-size-default\">Registrering till ID06<\/h2>\t\t\t\t<\/div>\n\t\t\t\t<\/div>\n\t\t\t\t<div class=\"elementor-element elementor-element-c9b38f2 elementor-widget elementor-widget-text-editor\" data-id=\"c9b38f2\" data-element_type=\"widget\" data-e-type=\"widget\" data-widget_type=\"text-editor.default\">\n\t\t\t\t<div class=\"elementor-widget-container\">\n\t\t\t\t\t\t\t\t\t<p>Registrering till ID06 sker automatiskt efter att du har genomf\u00f6rt din utbildning hos oss.<\/p><p><span style=\"color: var( --e-global-color-text ); font-family: var( --e-global-typography-8b64be9-font-family ), Sans-serif; font-size: var( --e-global-typography-8b64be9-font-size ); font-weight: var( --e-global-typography-8b64be9-font-weight ); letter-spacing: var( --e-global-typography-8b64be9-letter-spacing ); word-spacing: var( --e-global-typography-8b64be9-word-spacing ); text-align: var(--text-align); background-color: var( --e-global-color-secondary );\">F\u00f6r att kunna registrera din utbildning till ID06 m\u00e5ste den vara slutf\u00f6rd med ett godk\u00e4nt resultat. Endast utbildningar som har genomf\u00f6rts hos Jobsafe kan registreras.<\/span><\/p>\t\t\t\t\t\t\t\t<\/div>\n\t\t\t\t<\/div>\n\t\t\t\t<div class=\"elementor-element elementor-element-621e673 elementor-align-left elementor-widget elementor-widget-button\" data-id=\"621e673\" data-element_type=\"widget\" data-e-type=\"widget\" data-widget_type=\"button.default\">\n\t\t\t\t<div class=\"elementor-widget-container\">\n\t\t\t\t\t\t\t\t\t<div class=\"elementor-button-wrapper\">\n\t\t\t\t\t<a class=\"elementor-button elementor-button-link elementor-size-sm\" href=\"https:\/\/jobsafetest.azurewebsites.net\/sv\/registrering-till-id06\/\">\n\t\t\t\t\t\t<span class=\"elementor-button-content-wrapper\">\n\t\t\t\t\t\t\t\t\t<span class=\"elementor-button-text\">L\u00e4s mer om registrering till ID06<\/span>\n\t\t\t\t\t<\/span>\n\t\t\t\t\t<\/a>\n\t\t\t\t<\/div>\n\t\t\t\t\t\t\t\t<\/div>\n\t\t\t\t<\/div>\n\t\t\t\t<\/div>\n\t\t<div class=\"elementor-element elementor-element-771a300 e-con-full elementor-hidden-tablet elementor-hidden-mobile_extra elementor-hidden-mobile e-flex e-con e-child\" data-id=\"771a300\" data-element_type=\"container\" data-e-type=\"container\" data-settings=\"{&quot;background_background&quot;:&quot;classic&quot;}\">\n\t\t\t\t<\/div>\n\t\t\t\t<\/div>\n\t\t\t\t\t<\/div>\n\t\t\t\t<\/div>\n\t\t\t\t<\/div>\n\t\t","protected":false},"excerpt":{"rendered":"<p>Utbildningsbevis Verifiera utbildningsbevis eller l\u00e4s mer om certifikat f\u00f6r Brandfarliga heta arbeten och registering till ID06. Just nu spara 30% p\u00e5 alla onlineutbildningar! Verifiering av utbildningsbevis Svebra &#8211; Brandfarliga heta arbeten Certifikat f\u00f6r Brandfarliga heta arbeten utf\u00e4rdas av Svebra. De hanterar \u00e4ven registreringen till ID06.\u00a0 S\u00f6k certifikat hos Svebra Registrering till ID06 Registrering till ID06 [&hellip;]<\/p>\n","protected":false},"author":20,"featured_media":26922,"parent":0,"menu_order":0,"comment_status":"closed","ping_status":"closed","template":"","meta":{"_acf_changed":false,"_uf_show_specific_survey":0,"_uf_disable_surveys":false,"footnotes":""},"class_list":["post-26867","page","type-page","status-publish","has-post-thumbnail","hentry"],"acf":[],"yoast_head":"<!-- This site is optimized with the Yoast SEO Premium plugin v22.2 (Yoast SEO v27.4) - https:\/\/yoast.com\/product\/yoast-seo-premium-wordpress\/ -->\n<title>Utbildningsbevis - Jobsafe<\/title>\n<meta name=\"description\" content=\"Verifiera ditt utbildningsbevis fr\u00e5n Jobsafe, hitta certifikat f\u00f6r brandfarliga heta arbeten och registrera ditt utbildningsbevis till ID06.\" \/>\n<meta name=\"robots\" content=\"index, follow, max-snippet:-1, max-image-preview:large, max-video-preview:-1\" \/>\n<link rel=\"canonical\" href=\"https:\/\/jobsafetest.azurewebsites.net\/sv\/utbildningsbevis\/\" \/>\n<meta property=\"og:locale\" content=\"sv_SE\" \/>\n<meta property=\"og:type\" content=\"article\" \/>\n<meta property=\"og:title\" content=\"Utbildningsbevis\" \/>\n<meta property=\"og:description\" content=\"Verifiera ditt utbildningsbevis fr\u00e5n Jobsafe, hitta certifikat f\u00f6r brandfarliga heta arbeten och registrera ditt utbildningsbevis till ID06.\" \/>\n<meta property=\"og:url\" content=\"https:\/\/jobsafetest.azurewebsites.net\/sv\/utbildningsbevis\/\" \/>\n<meta property=\"og:site_name\" content=\"Jobsafe\" \/>\n<meta property=\"article:publisher\" content=\"https:\/\/www.facebook.com\/jobsafesverige\" \/>\n<meta property=\"article:modified_time\" content=\"2026-01-29T10:52:59+00:00\" \/>\n<meta property=\"og:image\" content=\"https:\/\/jobsafetest.azurewebsites.net\/wp-content\/uploads\/2025\/01\/INFOBRIC_B2A3477-WEBB.jpg\" \/>\n\t<meta property=\"og:image:width\" content=\"2500\" \/>\n\t<meta property=\"og:image:height\" content=\"1667\" \/>\n\t<meta property=\"og:image:type\" content=\"image\/jpeg\" \/>\n<meta name=\"twitter:card\" content=\"summary_large_image\" \/>\n<script type=\"application\/ld+json\" class=\"yoast-schema-graph\">{\"@context\":\"https:\\\/\\\/schema.org\",\"@graph\":[{\"@type\":\"WebPage\",\"@id\":\"https:\\\/\\\/jobsafetest.azurewebsites.net\\\/utbildningsbevis\\\/\",\"url\":\"https:\\\/\\\/jobsafetest.azurewebsites.net\\\/utbildningsbevis\\\/\",\"name\":\"Utbildningsbevis - Jobsafe\",\"isPartOf\":{\"@id\":\"https:\\\/\\\/jobsafetest.azurewebsites.net\\\/#website\"},\"primaryImageOfPage\":{\"@id\":\"https:\\\/\\\/jobsafetest.azurewebsites.net\\\/utbildningsbevis\\\/#primaryimage\"},\"image\":{\"@id\":\"https:\\\/\\\/jobsafetest.azurewebsites.net\\\/utbildningsbevis\\\/#primaryimage\"},\"thumbnailUrl\":\"\\\/wp-content\\\/uploads\\\/2025\\\/01\\\/INFOBRIC_B2A3477-WEBB.jpg\",\"datePublished\":\"2025-01-21T15:54:28+00:00\",\"dateModified\":\"2026-01-29T10:52:59+00:00\",\"description\":\"Verifiera ditt utbildningsbevis fr\u00e5n Jobsafe, hitta certifikat f\u00f6r brandfarliga heta arbeten och registrera ditt utbildningsbevis till ID06.\",\"breadcrumb\":{\"@id\":\"https:\\\/\\\/jobsafetest.azurewebsites.net\\\/utbildningsbevis\\\/#breadcrumb\"},\"inLanguage\":\"sv-SE\",\"potentialAction\":[{\"@type\":\"ReadAction\",\"target\":[\"https:\\\/\\\/jobsafetest.azurewebsites.net\\\/utbildningsbevis\\\/\"]}]},{\"@type\":\"ImageObject\",\"inLanguage\":\"sv-SE\",\"@id\":\"https:\\\/\\\/jobsafetest.azurewebsites.net\\\/utbildningsbevis\\\/#primaryimage\",\"url\":\"\\\/wp-content\\\/uploads\\\/2025\\\/01\\\/INFOBRIC_B2A3477-WEBB.jpg\",\"contentUrl\":\"\\\/wp-content\\\/uploads\\\/2025\\\/01\\\/INFOBRIC_B2A3477-WEBB.jpg\",\"width\":2500,\"height\":1667},{\"@type\":\"BreadcrumbList\",\"@id\":\"https:\\\/\\\/jobsafetest.azurewebsites.net\\\/utbildningsbevis\\\/#breadcrumb\",\"itemListElement\":[{\"@type\":\"ListItem\",\"position\":1,\"name\":\"Hem\",\"item\":\"https:\\\/\\\/jobsafetest.azurewebsites.net\\\/sv\\\/\"},{\"@type\":\"ListItem\",\"position\":2,\"name\":\"Utbildningsbevis\"}]},{\"@type\":\"WebSite\",\"@id\":\"https:\\\/\\\/jobsafetest.azurewebsites.net\\\/#website\",\"url\":\"https:\\\/\\\/jobsafetest.azurewebsites.net\\\/\",\"name\":\"Jobsafe\",\"description\":\"Utbildningar f\u00f6r en s\u00e4ker arbetsplats\",\"publisher\":{\"@id\":\"https:\\\/\\\/jobsafetest.azurewebsites.net\\\/#organization\"},\"potentialAction\":[{\"@type\":\"SearchAction\",\"target\":{\"@type\":\"EntryPoint\",\"urlTemplate\":\"https:\\\/\\\/jobsafetest.azurewebsites.net\\\/?s={search_term_string}\"},\"query-input\":{\"@type\":\"PropertyValueSpecification\",\"valueRequired\":true,\"valueName\":\"search_term_string\"}}],\"inLanguage\":\"sv-SE\"},{\"@type\":\"Organization\",\"@id\":\"https:\\\/\\\/jobsafetest.azurewebsites.net\\\/#organization\",\"name\":\"JobSafe EdTech AB\",\"url\":\"https:\\\/\\\/jobsafetest.azurewebsites.net\\\/\",\"logo\":{\"@type\":\"ImageObject\",\"inLanguage\":\"sv-SE\",\"@id\":\"https:\\\/\\\/jobsafetest.azurewebsites.net\\\/#\\\/schema\\\/logo\\\/image\\\/\",\"url\":\"\\\/wp-content\\\/uploads\\\/2024\\\/06\\\/jobsafe-by-infobric-logo-1.svg\",\"contentUrl\":\"\\\/wp-content\\\/uploads\\\/2024\\\/06\\\/jobsafe-by-infobric-logo-1.svg\",\"width\":111,\"height\":72,\"caption\":\"JobSafe EdTech AB\"},\"image\":{\"@id\":\"https:\\\/\\\/jobsafetest.azurewebsites.net\\\/#\\\/schema\\\/logo\\\/image\\\/\"},\"sameAs\":[\"https:\\\/\\\/www.facebook.com\\\/jobsafesverige\"]}]}<\/script>\n<!-- \/ Yoast SEO Premium plugin. -->","yoast_head_json":{"title":"Utbildningsbevis - Jobsafe","description":"Verifiera ditt utbildningsbevis fr\u00e5n Jobsafe, hitta certifikat f\u00f6r brandfarliga heta arbeten och registrera ditt utbildningsbevis till ID06.","robots":{"index":"index","follow":"follow","max-snippet":"max-snippet:-1","max-image-preview":"max-image-preview:large","max-video-preview":"max-video-preview:-1"},"canonical":"https:\/\/jobsafetest.azurewebsites.net\/sv\/utbildningsbevis\/","og_locale":"sv_SE","og_type":"article","og_title":"Utbildningsbevis","og_description":"Verifiera ditt utbildningsbevis fr\u00e5n Jobsafe, hitta certifikat f\u00f6r brandfarliga heta arbeten och registrera ditt utbildningsbevis till ID06.","og_url":"https:\/\/jobsafetest.azurewebsites.net\/sv\/utbildningsbevis\/","og_site_name":"Jobsafe","article_publisher":"https:\/\/www.facebook.com\/jobsafesverige","article_modified_time":"2026-01-29T10:52:59+00:00","og_image":[{"width":2500,"height":1667,"url":"https:\/\/jobsafetest.azurewebsites.net\/wp-content\/uploads\/2025\/01\/INFOBRIC_B2A3477-WEBB.jpg","type":"image\/jpeg"}],"twitter_card":"summary_large_image","schema":{"@context":"https:\/\/schema.org","@graph":[{"@type":"WebPage","@id":"https:\/\/jobsafetest.azurewebsites.net\/utbildningsbevis\/","url":"https:\/\/jobsafetest.azurewebsites.net\/utbildningsbevis\/","name":"Utbildningsbevis - Jobsafe","isPartOf":{"@id":"https:\/\/jobsafetest.azurewebsites.net\/#website"},"primaryImageOfPage":{"@id":"https:\/\/jobsafetest.azurewebsites.net\/utbildningsbevis\/#primaryimage"},"image":{"@id":"https:\/\/jobsafetest.azurewebsites.net\/utbildningsbevis\/#primaryimage"},"thumbnailUrl":"\/wp-content\/uploads\/2025\/01\/INFOBRIC_B2A3477-WEBB.jpg","datePublished":"2025-01-21T15:54:28+00:00","dateModified":"2026-01-29T10:52:59+00:00","description":"Verifiera ditt utbildningsbevis fr\u00e5n Jobsafe, hitta certifikat f\u00f6r brandfarliga heta arbeten och registrera ditt utbildningsbevis till ID06.","breadcrumb":{"@id":"https:\/\/jobsafetest.azurewebsites.net\/utbildningsbevis\/#breadcrumb"},"inLanguage":"sv-SE","potentialAction":[{"@type":"ReadAction","target":["https:\/\/jobsafetest.azurewebsites.net\/utbildningsbevis\/"]}]},{"@type":"ImageObject","inLanguage":"sv-SE","@id":"https:\/\/jobsafetest.azurewebsites.net\/utbildningsbevis\/#primaryimage","url":"\/wp-content\/uploads\/2025\/01\/INFOBRIC_B2A3477-WEBB.jpg","contentUrl":"\/wp-content\/uploads\/2025\/01\/INFOBRIC_B2A3477-WEBB.jpg","width":2500,"height":1667},{"@type":"BreadcrumbList","@id":"https:\/\/jobsafetest.azurewebsites.net\/utbildningsbevis\/#breadcrumb","itemListElement":[{"@type":"ListItem","position":1,"name":"Hem","item":"https:\/\/jobsafetest.azurewebsites.net\/sv\/"},{"@type":"ListItem","position":2,"name":"Utbildningsbevis"}]},{"@type":"WebSite","@id":"https:\/\/jobsafetest.azurewebsites.net\/#website","url":"https:\/\/jobsafetest.azurewebsites.net\/","name":"Jobsafe","description":"Utbildningar f\u00f6r en s\u00e4ker arbetsplats","publisher":{"@id":"https:\/\/jobsafetest.azurewebsites.net\/#organization"},"potentialAction":[{"@type":"SearchAction","target":{"@type":"EntryPoint","urlTemplate":"https:\/\/jobsafetest.azurewebsites.net\/?s={search_term_string}"},"query-input":{"@type":"PropertyValueSpecification","valueRequired":true,"valueName":"search_term_string"}}],"inLanguage":"sv-SE"},{"@type":"Organization","@id":"https:\/\/jobsafetest.azurewebsites.net\/#organization","name":"JobSafe EdTech AB","url":"https:\/\/jobsafetest.azurewebsites.net\/","logo":{"@type":"ImageObject","inLanguage":"sv-SE","@id":"https:\/\/jobsafetest.azurewebsites.net\/#\/schema\/logo\/image\/","url":"\/wp-content\/uploads\/2024\/06\/jobsafe-by-infobric-logo-1.svg","contentUrl":"\/wp-content\/uploads\/2024\/06\/jobsafe-by-infobric-logo-1.svg","width":111,"height":72,"caption":"JobSafe EdTech AB"},"image":{"@id":"https:\/\/jobsafetest.azurewebsites.net\/#\/schema\/logo\/image\/"},"sameAs":["https:\/\/www.facebook.com\/jobsafesverige"]}]}},"_links":{"self":[{"href":"https:\/\/jobsafetest.azurewebsites.net\/sv\/wp-json\/wp\/v2\/pages\/26867","targetHints":{"allow":["GET"]}}],"collection":[{"href":"https:\/\/jobsafetest.azurewebsites.net\/sv\/wp-json\/wp\/v2\/pages"}],"about":[{"href":"https:\/\/jobsafetest.azurewebsites.net\/sv\/wp-json\/wp\/v2\/types\/page"}],"author":[{"embeddable":true,"href":"https:\/\/jobsafetest.azurewebsites.net\/sv\/wp-json\/wp\/v2\/users\/20"}],"replies":[{"embeddable":true,"href":"https:\/\/jobsafetest.azurewebsites.net\/sv\/wp-json\/wp\/v2\/comments?post=26867"}],"version-history":[{"count":65,"href":"https:\/\/jobsafetest.azurewebsites.net\/sv\/wp-json\/wp\/v2\/pages\/26867\/revisions"}],"predecessor-version":[{"id":35844,"href":"https:\/\/jobsafetest.azurewebsites.net\/sv\/wp-json\/wp\/v2\/pages\/26867\/revisions\/35844"}],"wp:featuredmedia":[{"embeddable":true,"href":"https:\/\/jobsafetest.azurewebsites.net\/sv\/wp-json\/wp\/v2\/media\/26922"}],"wp:attachment":[{"href":"https:\/\/jobsafetest.azurewebsites.net\/sv\/wp-json\/wp\/v2\/media?parent=26867"}],"curies":[{"name":"wp","href":"https:\/\/api.w.org\/{rel}","templated":true}]}}