{"id":37,"date":"2021-03-29T17:01:07","date_gmt":"2021-03-29T15:01:07","guid":{"rendered":"http:\/\/dev.jobsafe.se\/?page_id=37"},"modified":"2026-01-29T14:39:11","modified_gmt":"2026-01-29T13:39:11","slug":"om-oss","status":"publish","type":"page","link":"https:\/\/jobsafetest.azurewebsites.net\/sv\/om-oss\/","title":{"rendered":"Om oss"},"content":{"rendered":"\t\t<div data-elementor-type=\"wp-page\" data-elementor-id=\"37\" class=\"elementor elementor-37\" data-elementor-post-type=\"page\">\n\t\t\t\t<div class=\"elementor-element elementor-element-747a2e55 e-flex e-con-boxed e-con e-parent\" data-id=\"747a2e55\" data-element_type=\"container\" data-e-type=\"container\">\n\t\t\t\t\t<div class=\"e-con-inner\">\n\t\t<div class=\"elementor-element elementor-element-5c582ed6 e-con-full e-flex e-con e-child\" data-id=\"5c582ed6\" data-element_type=\"container\" data-e-type=\"container\" data-settings=\"{&quot;background_background&quot;:&quot;classic&quot;}\">\n\t\t\t\t<div class=\"elementor-element elementor-element-37915678 elementor-widget elementor-widget-heading\" data-id=\"37915678\" data-element_type=\"widget\" data-e-type=\"widget\" data-widget_type=\"heading.default\">\n\t\t\t\t<div class=\"elementor-widget-container\">\n\t\t\t\t\t<h2 class=\"elementor-heading-title elementor-size-default\">Om oss<\/h2>\t\t\t\t<\/div>\n\t\t\t\t<\/div>\n\t\t\t\t<div class=\"elementor-element elementor-element-7ca7ab00 elementor-widget elementor-widget-text-editor\" data-id=\"7ca7ab00\" data-element_type=\"widget\" data-e-type=\"widget\" data-widget_type=\"text-editor.default\">\n\t\t\t\t<div class=\"elementor-widget-container\">\n\t\t\t\t\t\t\t\t\t<p>Digitala kravutbildningar inom bygg, anl\u00e4ggning och industri.<\/p>\t\t\t\t\t\t\t\t<\/div>\n\t\t\t\t<\/div>\n\t\t\t\t<\/div>\n\t\t\t\t\t<\/div>\n\t\t\t\t<\/div>\n\t\t<div class=\"elementor-element elementor-element-df07bbc e-con-full e-flex e-con e-parent\" data-id=\"df07bbc\" data-element_type=\"container\" data-e-type=\"container\" data-settings=\"{&quot;background_background&quot;:&quot;classic&quot;}\">\n\t\t\t\t<div class=\"elementor-element elementor-element-0b90189 elementor-align-justify elementor-widget__width-inherit elementor-widget elementor-widget-global elementor-global-32541 elementor-widget-button\" data-id=\"0b90189\" data-element_type=\"widget\" data-e-type=\"widget\" data-widget_type=\"button.default\">\n\t\t\t\t<div class=\"elementor-widget-container\">\n\t\t\t\t\t\t\t\t\t<div class=\"elementor-button-wrapper\">\n\t\t\t\t\t<a class=\"elementor-button elementor-button-link elementor-size-sm\" href=\"https:\/\/jobsafetest.azurewebsites.net\/sv\/kampanj\/\">\n\t\t\t\t\t\t<span class=\"elementor-button-content-wrapper\">\n\t\t\t\t\t\t\t\t\t<span class=\"elementor-button-text\">Just nu spara 30% p\u00e5 alla onlineutbildningar!<\/span>\n\t\t\t\t\t<\/span>\n\t\t\t\t\t<\/a>\n\t\t\t\t<\/div>\n\t\t\t\t\t\t\t\t<\/div>\n\t\t\t\t<\/div>\n\t\t\t\t<\/div>\n\t\t<div class=\"elementor-element elementor-element-263a2628 e-flex e-con-boxed e-con e-parent\" data-id=\"263a2628\" data-element_type=\"container\" data-e-type=\"container\" data-settings=\"{&quot;background_background&quot;:&quot;classic&quot;}\">\n\t\t\t\t\t<div class=\"e-con-inner\">\n\t\t<div class=\"elementor-element elementor-element-12fff851 e-con-full e-flex e-con e-child\" data-id=\"12fff851\" data-element_type=\"container\" data-e-type=\"container\">\n\t\t<div class=\"elementor-element elementor-element-629a64d4 e-con-full e-flex e-con e-child\" data-id=\"629a64d4\" data-element_type=\"container\" data-e-type=\"container\">\n\t\t\t\t<div class=\"elementor-element elementor-element-3440e00c elementor-widget elementor-widget-text-editor\" data-id=\"3440e00c\" data-element_type=\"widget\" data-e-type=\"widget\" data-widget_type=\"text-editor.default\">\n\t\t\t\t<div class=\"elementor-widget-container\">\n\t\t\t\t\t\t\t\t\t<p>Jobsafe startade 2003 med syfte att hj\u00e4lpa f\u00f6retag att utbilda sin personal. Snabbt, smidigt och s\u00e4kert. Sedan 2023 \u00e4gs Jobsafe av Infobric Group och g\u00e5r under namnet Jobsafe by Infobric.<\/p><p>Med innovativa koncept, h\u00f6g kvalitet och ett brett n\u00e4tverk erbjuder vi v\u00e5ra kunder l\u00f6sningar som m\u00f6jligg\u00f6r en s\u00e4ker arbetsmilj\u00f6 p\u00e5 ett enkelt och smart s\u00e4tt. Vi erbjuder alltifr\u00e5n grundutbildningar till repetitionsutbildningar och tillhandah\u00e5ller \u00e4ven utbildningar p\u00e5 engelska.<\/p><p>Med Jobsafe som utbildningsleverant\u00f6r kan ni utbilda och fortbilda personal med h\u00f6g kvalitet oavsett var i landet som ni befinner er &#8211; n\u00e4rhelst behov uppkommer. P\u00e5 s\u00e5 s\u00e4tt kan f\u00f6retag s\u00e4kerst\u00e4lla att anst\u00e4llda alltid har r\u00e4tt kompetens att utf\u00f6ra arbeten p\u00e5 ett s\u00e4kert s\u00e4tt.<\/p>\t\t\t\t\t\t\t\t<\/div>\n\t\t\t\t<\/div>\n\t\t\t\t<\/div>\n\t\t<div class=\"elementor-element elementor-element-3e71f65b e-con-full e-flex e-con e-child\" data-id=\"3e71f65b\" data-element_type=\"container\" data-e-type=\"container\" data-settings=\"{&quot;background_background&quot;:&quot;classic&quot;}\">\n\t\t\t\t<\/div>\n\t\t\t\t<\/div>\n\t\t\t\t\t<\/div>\n\t\t\t\t<\/div>\n\t\t<div class=\"elementor-element elementor-element-1573bee4 e-flex e-con-boxed e-con e-parent\" data-id=\"1573bee4\" data-element_type=\"container\" data-e-type=\"container\" data-settings=\"{&quot;background_background&quot;:&quot;classic&quot;}\">\n\t\t\t\t\t<div class=\"e-con-inner\">\n\t\t<div class=\"elementor-element elementor-element-729528ce e-con-full e-flex e-con e-child\" data-id=\"729528ce\" data-element_type=\"container\" data-e-type=\"container\">\n\t\t<a class=\"elementor-element elementor-element-4aa3aa82 e-con-full e-flex e-con e-child\" data-id=\"4aa3aa82\" data-element_type=\"container\" data-e-type=\"container\" data-settings=\"{&quot;background_background&quot;:&quot;classic&quot;}\" href=\"\/wp-content\/uploads\/2025\/10\/Jobsafe_samarbetskarta_2025_v1.png\">\n\t\t\t\t<\/a>\n\t\t<div class=\"elementor-element elementor-element-18c32928 e-con-full e-flex e-con e-child\" data-id=\"18c32928\" data-element_type=\"container\" data-e-type=\"container\">\n\t\t\t\t<div class=\"elementor-element elementor-element-5b894436 elementor-widget elementor-widget-text-editor\" data-id=\"5b894436\" data-element_type=\"widget\" data-e-type=\"widget\" data-widget_type=\"text-editor.default\">\n\t\t\t\t<div class=\"elementor-widget-container\">\n\t\t\t\t\t\t\t\t\t<p>All teori i v\u00e5ra utbildningar \u00e4r webbaserad och genomf\u00f6rs smidigt i smartphone, surfplatta eller dator. I de utbildningar som inneh\u00e5ller praktiska moment genomf\u00f6rs detta med hj\u00e4lp av v\u00e5ra samarbetspartners p\u00e5 cirka <a href=\"\/wp-content\/uploads\/2024\/04\/Jobsafe_samarbetskarta_1.png\">20 orter runt om i hela Sverige<\/a>. Fr\u00e5n Malm\u00f6 i Syd till Kalix i Norr. N\u00e5gra av v\u00e5ra samarbetspartners \u00e4r HLL, T\u00e4tab\/Skagert, JIAB, Tholmarks, Rondellen maskin, STILL och Wangeskog.<\/p><p>Via webbshopen kan man enkelt skaffa den utbildning man beh\u00f6ver och vara i g\u00e5ng p\u00e5 ett kick i v\u00e5r utbildningsportal. V\u00e5ra paket Flex och Total erbjuder utbildningsl\u00f6sningar f\u00f6r f\u00f6retag som vill ha flexibilitet, kontroll och en helhetsbild \u00f6ver de anst\u00e4lldas utbildningsstatus och certifikat.<\/p><p>Jobsafe hj\u00e4lper er att minimera det administrativa arbetet kring utbildningar och att utbilda er personal utan produktionsst\u00f6rningar. <a href=\"\/sv\/kontakta-oss\/\">Kontakta oss<\/a> om du vill veta hur vi kan hj\u00e4lpa just ert f\u00f6retag med att s\u00e4kra era anst\u00e4lldas kompetens \u2013 nu och n\u00e4r behov dyker upp i framtiden.<\/p>\t\t\t\t\t\t\t\t<\/div>\n\t\t\t\t<\/div>\n\t\t\t\t<\/div>\n\t\t\t\t<\/div>\n\t\t\t\t\t<\/div>\n\t\t\t\t<\/div>\n\t\t\t\t<\/div>\n\t\t","protected":false},"excerpt":{"rendered":"<p>Om oss Digitala kravutbildningar inom bygg, anl\u00e4ggning och industri. Just nu spara 30% p\u00e5 alla onlineutbildningar! Jobsafe startade 2003 med syfte att hj\u00e4lpa f\u00f6retag att utbilda sin personal. Snabbt, smidigt och s\u00e4kert. Sedan 2023 \u00e4gs Jobsafe av Infobric Group och g\u00e5r under namnet Jobsafe by Infobric. Med innovativa koncept, h\u00f6g kvalitet och ett brett n\u00e4tverk [&hellip;]<\/p>\n","protected":false},"author":5,"featured_media":0,"parent":0,"menu_order":0,"comment_status":"closed","ping_status":"closed","template":"","meta":{"_acf_changed":false,"_uf_show_specific_survey":0,"_uf_disable_surveys":false,"footnotes":""},"class_list":["post-37","page","type-page","status-publish","hentry"],"acf":[],"yoast_head":"<!-- This site is optimized with the Yoast SEO Premium plugin v22.2 (Yoast SEO v27.4) - https:\/\/yoast.com\/product\/yoast-seo-premium-wordpress\/ -->\n<title>Om oss - Jobsafe<\/title>\n<meta name=\"description\" content=\"Med Jobsafe som utbildningsleverant\u00f6r kan ni utbilda er personal med h\u00f6g kvalitet oavsett var i landet som ni befinner er \u2013 n\u00e4r ni vill.\" \/>\n<meta name=\"robots\" content=\"index, follow, max-snippet:-1, max-image-preview:large, max-video-preview:-1\" \/>\n<link rel=\"canonical\" href=\"https:\/\/jobsafetest.azurewebsites.net\/sv\/om-oss\/\" \/>\n<meta property=\"og:locale\" content=\"sv_SE\" \/>\n<meta property=\"og:type\" content=\"article\" \/>\n<meta property=\"og:title\" content=\"Om oss\" \/>\n<meta property=\"og:description\" content=\"Med Jobsafe som utbildningsleverant\u00f6r kan ni utbilda er personal med h\u00f6g kvalitet oavsett var i landet som ni befinner er \u2013 n\u00e4r ni vill.\" \/>\n<meta property=\"og:url\" content=\"https:\/\/jobsafetest.azurewebsites.net\/sv\/om-oss\/\" \/>\n<meta property=\"og:site_name\" content=\"Jobsafe\" \/>\n<meta property=\"article:publisher\" content=\"https:\/\/www.facebook.com\/jobsafesverige\" \/>\n<meta property=\"article:modified_time\" content=\"2026-01-29T13:39:11+00:00\" \/>\n<meta name=\"twitter:card\" content=\"summary_large_image\" \/>\n<script type=\"application\/ld+json\" class=\"yoast-schema-graph\">{\"@context\":\"https:\\\/\\\/schema.org\",\"@graph\":[{\"@type\":\"WebPage\",\"@id\":\"https:\\\/\\\/jobsafetest.azurewebsites.net\\\/om-oss\\\/\",\"url\":\"https:\\\/\\\/jobsafetest.azurewebsites.net\\\/om-oss\\\/\",\"name\":\"Om oss - Jobsafe\",\"isPartOf\":{\"@id\":\"https:\\\/\\\/jobsafetest.azurewebsites.net\\\/#website\"},\"datePublished\":\"2021-03-29T15:01:07+00:00\",\"dateModified\":\"2026-01-29T13:39:11+00:00\",\"description\":\"Med Jobsafe som utbildningsleverant\u00f6r kan ni utbilda er personal med h\u00f6g kvalitet oavsett var i landet som ni befinner er \u2013 n\u00e4r ni vill.\",\"breadcrumb\":{\"@id\":\"https:\\\/\\\/jobsafetest.azurewebsites.net\\\/om-oss\\\/#breadcrumb\"},\"inLanguage\":\"sv-SE\",\"potentialAction\":[{\"@type\":\"ReadAction\",\"target\":[\"https:\\\/\\\/jobsafetest.azurewebsites.net\\\/om-oss\\\/\"]}]},{\"@type\":\"BreadcrumbList\",\"@id\":\"https:\\\/\\\/jobsafetest.azurewebsites.net\\\/om-oss\\\/#breadcrumb\",\"itemListElement\":[{\"@type\":\"ListItem\",\"position\":1,\"name\":\"Hem\",\"item\":\"https:\\\/\\\/jobsafetest.azurewebsites.net\\\/sv\\\/\"},{\"@type\":\"ListItem\",\"position\":2,\"name\":\"Om oss\"}]},{\"@type\":\"WebSite\",\"@id\":\"https:\\\/\\\/jobsafetest.azurewebsites.net\\\/#website\",\"url\":\"https:\\\/\\\/jobsafetest.azurewebsites.net\\\/\",\"name\":\"Jobsafe\",\"description\":\"Utbildningar f\u00f6r en s\u00e4ker arbetsplats\",\"publisher\":{\"@id\":\"https:\\\/\\\/jobsafetest.azurewebsites.net\\\/#organization\"},\"potentialAction\":[{\"@type\":\"SearchAction\",\"target\":{\"@type\":\"EntryPoint\",\"urlTemplate\":\"https:\\\/\\\/jobsafetest.azurewebsites.net\\\/?s={search_term_string}\"},\"query-input\":{\"@type\":\"PropertyValueSpecification\",\"valueRequired\":true,\"valueName\":\"search_term_string\"}}],\"inLanguage\":\"sv-SE\"},{\"@type\":\"Organization\",\"@id\":\"https:\\\/\\\/jobsafetest.azurewebsites.net\\\/#organization\",\"name\":\"JobSafe EdTech AB\",\"url\":\"https:\\\/\\\/jobsafetest.azurewebsites.net\\\/\",\"logo\":{\"@type\":\"ImageObject\",\"inLanguage\":\"sv-SE\",\"@id\":\"https:\\\/\\\/jobsafetest.azurewebsites.net\\\/#\\\/schema\\\/logo\\\/image\\\/\",\"url\":\"\\\/wp-content\\\/uploads\\\/2024\\\/06\\\/jobsafe-by-infobric-logo-1.svg\",\"contentUrl\":\"\\\/wp-content\\\/uploads\\\/2024\\\/06\\\/jobsafe-by-infobric-logo-1.svg\",\"width\":111,\"height\":72,\"caption\":\"JobSafe EdTech AB\"},\"image\":{\"@id\":\"https:\\\/\\\/jobsafetest.azurewebsites.net\\\/#\\\/schema\\\/logo\\\/image\\\/\"},\"sameAs\":[\"https:\\\/\\\/www.facebook.com\\\/jobsafesverige\"]}]}<\/script>\n<!-- \/ Yoast SEO Premium plugin. -->","yoast_head_json":{"title":"Om oss - Jobsafe","description":"Med Jobsafe som utbildningsleverant\u00f6r kan ni utbilda er personal med h\u00f6g kvalitet oavsett var i landet som ni befinner er \u2013 n\u00e4r ni vill.","robots":{"index":"index","follow":"follow","max-snippet":"max-snippet:-1","max-image-preview":"max-image-preview:large","max-video-preview":"max-video-preview:-1"},"canonical":"https:\/\/jobsafetest.azurewebsites.net\/sv\/om-oss\/","og_locale":"sv_SE","og_type":"article","og_title":"Om oss","og_description":"Med Jobsafe som utbildningsleverant\u00f6r kan ni utbilda er personal med h\u00f6g kvalitet oavsett var i landet som ni befinner er \u2013 n\u00e4r ni vill.","og_url":"https:\/\/jobsafetest.azurewebsites.net\/sv\/om-oss\/","og_site_name":"Jobsafe","article_publisher":"https:\/\/www.facebook.com\/jobsafesverige","article_modified_time":"2026-01-29T13:39:11+00:00","twitter_card":"summary_large_image","schema":{"@context":"https:\/\/schema.org","@graph":[{"@type":"WebPage","@id":"https:\/\/jobsafetest.azurewebsites.net\/om-oss\/","url":"https:\/\/jobsafetest.azurewebsites.net\/om-oss\/","name":"Om oss - Jobsafe","isPartOf":{"@id":"https:\/\/jobsafetest.azurewebsites.net\/#website"},"datePublished":"2021-03-29T15:01:07+00:00","dateModified":"2026-01-29T13:39:11+00:00","description":"Med Jobsafe som utbildningsleverant\u00f6r kan ni utbilda er personal med h\u00f6g kvalitet oavsett var i landet som ni befinner er \u2013 n\u00e4r ni vill.","breadcrumb":{"@id":"https:\/\/jobsafetest.azurewebsites.net\/om-oss\/#breadcrumb"},"inLanguage":"sv-SE","potentialAction":[{"@type":"ReadAction","target":["https:\/\/jobsafetest.azurewebsites.net\/om-oss\/"]}]},{"@type":"BreadcrumbList","@id":"https:\/\/jobsafetest.azurewebsites.net\/om-oss\/#breadcrumb","itemListElement":[{"@type":"ListItem","position":1,"name":"Hem","item":"https:\/\/jobsafetest.azurewebsites.net\/sv\/"},{"@type":"ListItem","position":2,"name":"Om oss"}]},{"@type":"WebSite","@id":"https:\/\/jobsafetest.azurewebsites.net\/#website","url":"https:\/\/jobsafetest.azurewebsites.net\/","name":"Jobsafe","description":"Utbildningar f\u00f6r en s\u00e4ker arbetsplats","publisher":{"@id":"https:\/\/jobsafetest.azurewebsites.net\/#organization"},"potentialAction":[{"@type":"SearchAction","target":{"@type":"EntryPoint","urlTemplate":"https:\/\/jobsafetest.azurewebsites.net\/?s={search_term_string}"},"query-input":{"@type":"PropertyValueSpecification","valueRequired":true,"valueName":"search_term_string"}}],"inLanguage":"sv-SE"},{"@type":"Organization","@id":"https:\/\/jobsafetest.azurewebsites.net\/#organization","name":"JobSafe EdTech AB","url":"https:\/\/jobsafetest.azurewebsites.net\/","logo":{"@type":"ImageObject","inLanguage":"sv-SE","@id":"https:\/\/jobsafetest.azurewebsites.net\/#\/schema\/logo\/image\/","url":"\/wp-content\/uploads\/2024\/06\/jobsafe-by-infobric-logo-1.svg","contentUrl":"\/wp-content\/uploads\/2024\/06\/jobsafe-by-infobric-logo-1.svg","width":111,"height":72,"caption":"JobSafe EdTech AB"},"image":{"@id":"https:\/\/jobsafetest.azurewebsites.net\/#\/schema\/logo\/image\/"},"sameAs":["https:\/\/www.facebook.com\/jobsafesverige"]}]}},"_links":{"self":[{"href":"https:\/\/jobsafetest.azurewebsites.net\/sv\/wp-json\/wp\/v2\/pages\/37","targetHints":{"allow":["GET"]}}],"collection":[{"href":"https:\/\/jobsafetest.azurewebsites.net\/sv\/wp-json\/wp\/v2\/pages"}],"about":[{"href":"https:\/\/jobsafetest.azurewebsites.net\/sv\/wp-json\/wp\/v2\/types\/page"}],"author":[{"embeddable":true,"href":"https:\/\/jobsafetest.azurewebsites.net\/sv\/wp-json\/wp\/v2\/users\/5"}],"replies":[{"embeddable":true,"href":"https:\/\/jobsafetest.azurewebsites.net\/sv\/wp-json\/wp\/v2\/comments?post=37"}],"version-history":[{"count":75,"href":"https:\/\/jobsafetest.azurewebsites.net\/sv\/wp-json\/wp\/v2\/pages\/37\/revisions"}],"predecessor-version":[{"id":35880,"href":"https:\/\/jobsafetest.azurewebsites.net\/sv\/wp-json\/wp\/v2\/pages\/37\/revisions\/35880"}],"wp:attachment":[{"href":"https:\/\/jobsafetest.azurewebsites.net\/sv\/wp-json\/wp\/v2\/media?parent=37"}],"curies":[{"name":"wp","href":"https:\/\/api.w.org\/{rel}","templated":true}]}}