{"id":32597,"date":"2025-11-07T19:47:16","date_gmt":"2025-11-07T18:47:16","guid":{"rendered":"https:\/\/jobsafetest.azurewebsites.net\/?post_type=product&#038;p=32597"},"modified":"2026-04-01T11:05:31","modified_gmt":"2026-04-01T09:05:31","slug":"tillpassningstest-av-andningsskydd","status":"publish","type":"product","link":"https:\/\/jobsafetest.azurewebsites.net\/sv\/utbildningar\/tillpassningstest-av-andningsskydd\/","title":{"rendered":"Tillpassningstest av andningsskydd"},"content":{"rendered":"","protected":false},"excerpt":{"rendered":"","protected":false},"featured_media":32618,"template":"","meta":{"_acf_changed":false,"_uf_show_specific_survey":0,"_uf_disable_surveys":false},"product_brand":[],"product_cat":[22],"product_tag":[58],"class_list":{"0":"post-32597","1":"product","2":"type-product","3":"status-publish","4":"has-post-thumbnail","6":"product_cat-bygg-anlaggning","7":"product_tag-praktik","9":"first","10":"outofstock","11":"featured","12":"taxable","13":"shipping-taxable","14":"purchasable","15":"product-type-variable"},"acf":[],"yoast_head":"<!-- This site is optimized with the Yoast SEO Premium plugin v22.2 (Yoast SEO v27.3) - https:\/\/yoast.com\/product\/yoast-seo-premium-wordpress\/ -->\n<title>Tillpassningstest av andningsskydd \u2013 Certifiering &amp; dokumentation | JobSafe<\/title>\n<meta name=\"description\" content=\"Tillpassningstest av andningsskydd enligt nya lagkrav 2025. S\u00e4kerst\u00e4ll att masken sitter korrekt och skyddar mot farliga \u00e4mnen. Intyg efter godk\u00e4nt test.\" \/>\n<meta name=\"robots\" content=\"index, follow, max-snippet:-1, max-image-preview:large, max-video-preview:-1\" \/>\n<link rel=\"canonical\" href=\"https:\/\/jobsafetest.azurewebsites.net\/sv\/utbildningar\/tillpassningstest-av-andningsskydd\/\" \/>\n<meta property=\"og:locale\" content=\"sv_SE\" \/>\n<meta property=\"og:type\" content=\"article\" \/>\n<meta property=\"og:title\" content=\"Tillpassningstest av andningsskydd\" \/>\n<meta property=\"og:description\" content=\"Tillpassningstest av andningsskydd enligt nya lagkrav 2025. S\u00e4kerst\u00e4ll att masken sitter korrekt och skyddar mot farliga \u00e4mnen. Intyg efter godk\u00e4nt test.\" \/>\n<meta property=\"og:url\" content=\"https:\/\/jobsafetest.azurewebsites.net\/sv\/utbildningar\/tillpassningstest-av-andningsskydd\/\" \/>\n<meta property=\"og:site_name\" content=\"Jobsafe\" \/>\n<meta property=\"article:publisher\" content=\"https:\/\/www.facebook.com\/jobsafesverige\" \/>\n<meta property=\"article:modified_time\" content=\"2026-04-01T09:05:31+00:00\" \/>\n<meta name=\"twitter:card\" content=\"summary_large_image\" \/>\n<script type=\"application\/ld+json\" class=\"yoast-schema-graph\">{\"@context\":\"https:\\\/\\\/schema.org\",\"@graph\":[{\"@type\":\"WebPage\",\"@id\":\"https:\\\/\\\/jobsafetest.azurewebsites.net\\\/utbildningar\\\/tillpassningstest-av-andningsskydd\\\/\",\"url\":\"https:\\\/\\\/jobsafetest.azurewebsites.net\\\/utbildningar\\\/tillpassningstest-av-andningsskydd\\\/\",\"name\":\"Tillpassningstest av andningsskydd \u2013 Certifiering & dokumentation | JobSafe\",\"isPartOf\":{\"@id\":\"https:\\\/\\\/jobsafetest.azurewebsites.net\\\/#website\"},\"primaryImageOfPage\":{\"@id\":\"https:\\\/\\\/jobsafetest.azurewebsites.net\\\/utbildningar\\\/tillpassningstest-av-andningsskydd\\\/#primaryimage\"},\"image\":{\"@id\":\"https:\\\/\\\/jobsafetest.azurewebsites.net\\\/utbildningar\\\/tillpassningstest-av-andningsskydd\\\/#primaryimage\"},\"thumbnailUrl\":\"\\\/wp-content\\\/uploads\\\/2025\\\/11\\\/Tillpassningstest-av-andningsskydd.avif\",\"datePublished\":\"2025-11-07T18:47:16+00:00\",\"dateModified\":\"2026-04-01T09:05:31+00:00\",\"description\":\"Tillpassningstest av andningsskydd enligt nya lagkrav 2025. S\u00e4kerst\u00e4ll att masken sitter korrekt och skyddar mot farliga \u00e4mnen. Intyg efter godk\u00e4nt test.\",\"breadcrumb\":{\"@id\":\"https:\\\/\\\/jobsafetest.azurewebsites.net\\\/utbildningar\\\/tillpassningstest-av-andningsskydd\\\/#breadcrumb\"},\"inLanguage\":\"sv-SE\",\"potentialAction\":[{\"@type\":\"ReadAction\",\"target\":[\"https:\\\/\\\/jobsafetest.azurewebsites.net\\\/utbildningar\\\/tillpassningstest-av-andningsskydd\\\/\"]}]},{\"@type\":\"ImageObject\",\"inLanguage\":\"sv-SE\",\"@id\":\"https:\\\/\\\/jobsafetest.azurewebsites.net\\\/utbildningar\\\/tillpassningstest-av-andningsskydd\\\/#primaryimage\",\"url\":\"\\\/wp-content\\\/uploads\\\/2025\\\/11\\\/Tillpassningstest-av-andningsskydd.avif\",\"contentUrl\":\"\\\/wp-content\\\/uploads\\\/2025\\\/11\\\/Tillpassningstest-av-andningsskydd.avif\",\"width\":2500,\"height\":1364},{\"@type\":\"BreadcrumbList\",\"@id\":\"https:\\\/\\\/jobsafetest.azurewebsites.net\\\/utbildningar\\\/tillpassningstest-av-andningsskydd\\\/#breadcrumb\",\"itemListElement\":[{\"@type\":\"ListItem\",\"position\":1,\"name\":\"Hem\",\"item\":\"https:\\\/\\\/jobsafetest.azurewebsites.net\\\/sv\\\/\"},{\"@type\":\"ListItem\",\"position\":2,\"name\":\"V\u00e5ra utbildningar\",\"item\":\"https:\\\/\\\/jobsafetest.azurewebsites.net\\\/utbildningar\\\/\"},{\"@type\":\"ListItem\",\"position\":3,\"name\":\"Tillpassningstest av andningsskydd\"}]},{\"@type\":\"WebSite\",\"@id\":\"https:\\\/\\\/jobsafetest.azurewebsites.net\\\/#website\",\"url\":\"https:\\\/\\\/jobsafetest.azurewebsites.net\\\/\",\"name\":\"Jobsafe\",\"description\":\"Utbildningar f\u00f6r en s\u00e4ker arbetsplats\",\"publisher\":{\"@id\":\"https:\\\/\\\/jobsafetest.azurewebsites.net\\\/#organization\"},\"potentialAction\":[{\"@type\":\"SearchAction\",\"target\":{\"@type\":\"EntryPoint\",\"urlTemplate\":\"https:\\\/\\\/jobsafetest.azurewebsites.net\\\/?s={search_term_string}\"},\"query-input\":{\"@type\":\"PropertyValueSpecification\",\"valueRequired\":true,\"valueName\":\"search_term_string\"}}],\"inLanguage\":\"sv-SE\"},{\"@type\":\"Organization\",\"@id\":\"https:\\\/\\\/jobsafetest.azurewebsites.net\\\/#organization\",\"name\":\"JobSafe EdTech AB\",\"url\":\"https:\\\/\\\/jobsafetest.azurewebsites.net\\\/\",\"logo\":{\"@type\":\"ImageObject\",\"inLanguage\":\"sv-SE\",\"@id\":\"https:\\\/\\\/jobsafetest.azurewebsites.net\\\/#\\\/schema\\\/logo\\\/image\\\/\",\"url\":\"\\\/wp-content\\\/uploads\\\/2024\\\/06\\\/jobsafe-by-infobric-logo-1.svg\",\"contentUrl\":\"\\\/wp-content\\\/uploads\\\/2024\\\/06\\\/jobsafe-by-infobric-logo-1.svg\",\"width\":111,\"height\":72,\"caption\":\"JobSafe EdTech AB\"},\"image\":{\"@id\":\"https:\\\/\\\/jobsafetest.azurewebsites.net\\\/#\\\/schema\\\/logo\\\/image\\\/\"},\"sameAs\":[\"https:\\\/\\\/www.facebook.com\\\/jobsafesverige\"]}]}<\/script>\n<meta property=\"og:availability\" content=\"out of stock\" \/>\n<meta property=\"product:availability\" content=\"out of stock\" \/>\n<meta property=\"product:condition\" content=\"new\" \/>\n<!-- \/ Yoast SEO Premium plugin. -->","yoast_head_json":{"title":"Tillpassningstest av andningsskydd \u2013 Certifiering & dokumentation | JobSafe","description":"Tillpassningstest av andningsskydd enligt nya lagkrav 2025. S\u00e4kerst\u00e4ll att masken sitter korrekt och skyddar mot farliga \u00e4mnen. Intyg efter godk\u00e4nt test.","robots":{"index":"index","follow":"follow","max-snippet":"max-snippet:-1","max-image-preview":"max-image-preview:large","max-video-preview":"max-video-preview:-1"},"canonical":"https:\/\/jobsafetest.azurewebsites.net\/sv\/utbildningar\/tillpassningstest-av-andningsskydd\/","og_locale":"sv_SE","og_type":"article","og_title":"Tillpassningstest av andningsskydd","og_description":"Tillpassningstest av andningsskydd enligt nya lagkrav 2025. S\u00e4kerst\u00e4ll att masken sitter korrekt och skyddar mot farliga \u00e4mnen. Intyg efter godk\u00e4nt test.","og_url":"https:\/\/jobsafetest.azurewebsites.net\/sv\/utbildningar\/tillpassningstest-av-andningsskydd\/","og_site_name":"Jobsafe","article_publisher":"https:\/\/www.facebook.com\/jobsafesverige","article_modified_time":"2026-04-01T09:05:31+00:00","twitter_card":"summary_large_image","schema":{"@context":"https:\/\/schema.org","@graph":[{"@type":"WebPage","@id":"https:\/\/jobsafetest.azurewebsites.net\/utbildningar\/tillpassningstest-av-andningsskydd\/","url":"https:\/\/jobsafetest.azurewebsites.net\/utbildningar\/tillpassningstest-av-andningsskydd\/","name":"Tillpassningstest av andningsskydd \u2013 Certifiering & dokumentation | JobSafe","isPartOf":{"@id":"https:\/\/jobsafetest.azurewebsites.net\/#website"},"primaryImageOfPage":{"@id":"https:\/\/jobsafetest.azurewebsites.net\/utbildningar\/tillpassningstest-av-andningsskydd\/#primaryimage"},"image":{"@id":"https:\/\/jobsafetest.azurewebsites.net\/utbildningar\/tillpassningstest-av-andningsskydd\/#primaryimage"},"thumbnailUrl":"\/wp-content\/uploads\/2025\/11\/Tillpassningstest-av-andningsskydd.avif","datePublished":"2025-11-07T18:47:16+00:00","dateModified":"2026-04-01T09:05:31+00:00","description":"Tillpassningstest av andningsskydd enligt nya lagkrav 2025. S\u00e4kerst\u00e4ll att masken sitter korrekt och skyddar mot farliga \u00e4mnen. Intyg efter godk\u00e4nt test.","breadcrumb":{"@id":"https:\/\/jobsafetest.azurewebsites.net\/utbildningar\/tillpassningstest-av-andningsskydd\/#breadcrumb"},"inLanguage":"sv-SE","potentialAction":[{"@type":"ReadAction","target":["https:\/\/jobsafetest.azurewebsites.net\/utbildningar\/tillpassningstest-av-andningsskydd\/"]}]},{"@type":"ImageObject","inLanguage":"sv-SE","@id":"https:\/\/jobsafetest.azurewebsites.net\/utbildningar\/tillpassningstest-av-andningsskydd\/#primaryimage","url":"\/wp-content\/uploads\/2025\/11\/Tillpassningstest-av-andningsskydd.avif","contentUrl":"\/wp-content\/uploads\/2025\/11\/Tillpassningstest-av-andningsskydd.avif","width":2500,"height":1364},{"@type":"BreadcrumbList","@id":"https:\/\/jobsafetest.azurewebsites.net\/utbildningar\/tillpassningstest-av-andningsskydd\/#breadcrumb","itemListElement":[{"@type":"ListItem","position":1,"name":"Hem","item":"https:\/\/jobsafetest.azurewebsites.net\/sv\/"},{"@type":"ListItem","position":2,"name":"V\u00e5ra utbildningar","item":"https:\/\/jobsafetest.azurewebsites.net\/utbildningar\/"},{"@type":"ListItem","position":3,"name":"Tillpassningstest av andningsskydd"}]},{"@type":"WebSite","@id":"https:\/\/jobsafetest.azurewebsites.net\/#website","url":"https:\/\/jobsafetest.azurewebsites.net\/","name":"Jobsafe","description":"Utbildningar f\u00f6r en s\u00e4ker arbetsplats","publisher":{"@id":"https:\/\/jobsafetest.azurewebsites.net\/#organization"},"potentialAction":[{"@type":"SearchAction","target":{"@type":"EntryPoint","urlTemplate":"https:\/\/jobsafetest.azurewebsites.net\/?s={search_term_string}"},"query-input":{"@type":"PropertyValueSpecification","valueRequired":true,"valueName":"search_term_string"}}],"inLanguage":"sv-SE"},{"@type":"Organization","@id":"https:\/\/jobsafetest.azurewebsites.net\/#organization","name":"JobSafe EdTech AB","url":"https:\/\/jobsafetest.azurewebsites.net\/","logo":{"@type":"ImageObject","inLanguage":"sv-SE","@id":"https:\/\/jobsafetest.azurewebsites.net\/#\/schema\/logo\/image\/","url":"\/wp-content\/uploads\/2024\/06\/jobsafe-by-infobric-logo-1.svg","contentUrl":"\/wp-content\/uploads\/2024\/06\/jobsafe-by-infobric-logo-1.svg","width":111,"height":72,"caption":"JobSafe EdTech AB"},"image":{"@id":"https:\/\/jobsafetest.azurewebsites.net\/#\/schema\/logo\/image\/"},"sameAs":["https:\/\/www.facebook.com\/jobsafesverige"]}]},"og_availability":"out of stock","product_availability":"out of stock","product_condition":"new"},"_links":{"self":[{"href":"https:\/\/jobsafetest.azurewebsites.net\/sv\/wp-json\/wp\/v2\/product\/32597","targetHints":{"allow":["GET"]}}],"collection":[{"href":"https:\/\/jobsafetest.azurewebsites.net\/sv\/wp-json\/wp\/v2\/product"}],"about":[{"href":"https:\/\/jobsafetest.azurewebsites.net\/sv\/wp-json\/wp\/v2\/types\/product"}],"version-history":[{"count":12,"href":"https:\/\/jobsafetest.azurewebsites.net\/sv\/wp-json\/wp\/v2\/product\/32597\/revisions"}],"predecessor-version":[{"id":37822,"href":"https:\/\/jobsafetest.azurewebsites.net\/sv\/wp-json\/wp\/v2\/product\/32597\/revisions\/37822"}],"wp:featuredmedia":[{"embeddable":true,"href":"https:\/\/jobsafetest.azurewebsites.net\/sv\/wp-json\/wp\/v2\/media\/32618"}],"wp:attachment":[{"href":"https:\/\/jobsafetest.azurewebsites.net\/sv\/wp-json\/wp\/v2\/media?parent=32597"}],"wp:term":[{"taxonomy":"product_brand","embeddable":true,"href":"https:\/\/jobsafetest.azurewebsites.net\/sv\/wp-json\/wp\/v2\/product_brand?post=32597"},{"taxonomy":"product_cat","embeddable":true,"href":"https:\/\/jobsafetest.azurewebsites.net\/sv\/wp-json\/wp\/v2\/product_cat?post=32597"},{"taxonomy":"product_tag","embeddable":true,"href":"https:\/\/jobsafetest.azurewebsites.net\/sv\/wp-json\/wp\/v2\/product_tag?post=32597"}],"curies":[{"name":"wp","href":"https:\/\/api.w.org\/{rel}","templated":true}]}}